{"id":20420,"date":"2026-04-13T18:55:26","date_gmt":"2026-04-13T18:55:26","guid":{"rendered":"https:\/\/singleflap.com\/?post_type=product&#038;p=20420"},"modified":"2026-04-13T18:55:39","modified_gmt":"2026-04-13T18:55:39","slug":"chanel-cok-renkli-payetli-kucuk-tek-kapakli-klasik-canta","status":"publish","type":"product","link":"https:\/\/singleflap.com\/tr\/product\/chanel-multicolor-sequined-small-single-flap-classic-bag\/","title":{"rendered":"Chanel \u00c7ok Renkli Payetli K\u00fc\u00e7\u00fck Tek Kapakl\u0131 \u00c7anta"},"content":{"rendered":"<p>Boyutlar: U 20 x Y 15 x D 6 cm, Pullarla s\u00fcslenmi\u015f, \u00c7ok renkli<\/p>","protected":false},"excerpt":{"rendered":"<p>\u00c7ok iyi durumda<\/p>","protected":false},"featured_media":20404,"comment_status":"open","ping_status":"closed","template":"","meta":{"om_disable_all_campaigns":false,"_monsterinsights_skip_tracking":false,"_monsterinsights_sitenote_active":false,"_monsterinsights_sitenote_note":"","_monsterinsights_sitenote_category":0},"product_brand":[986],"product_cat":[396],"product_tag":[434,1181,1180,1179],"class_list":{"0":"post-20420","1":"product","2":"type-product","3":"status-publish","4":"has-post-thumbnail","6":"product_brand-chanel","7":"product_cat-crossbody-bags","8":"product_tag-chanel","9":"product_tag-chanel-canta","10":"product_tag-chanel-classic-bag","11":"product_tag-chanel-sequined-bag","13":"first","14":"instock","15":"taxable","16":"shipping-taxable","17":"purchasable","18":"product-type-simple"},"aioseo_notices":[],"_links":{"self":[{"href":"https:\/\/singleflap.com\/tr\/wp-json\/wp\/v2\/product\/20420","targetHints":{"allow":["GET"]}}],"collection":[{"href":"https:\/\/singleflap.com\/tr\/wp-json\/wp\/v2\/product"}],"about":[{"href":"https:\/\/singleflap.com\/tr\/wp-json\/wp\/v2\/types\/product"}],"replies":[{"embeddable":true,"href":"https:\/\/singleflap.com\/tr\/wp-json\/wp\/v2\/comments?post=20420"}],"wp:featuredmedia":[{"embeddable":true,"href":"https:\/\/singleflap.com\/tr\/wp-json\/wp\/v2\/media\/20404"}],"wp:attachment":[{"href":"https:\/\/singleflap.com\/tr\/wp-json\/wp\/v2\/media?parent=20420"}],"wp:term":[{"taxonomy":"product_brand","embeddable":true,"href":"https:\/\/singleflap.com\/tr\/wp-json\/wp\/v2\/product_brand?post=20420"},{"taxonomy":"product_cat","embeddable":true,"href":"https:\/\/singleflap.com\/tr\/wp-json\/wp\/v2\/product_cat?post=20420"},{"taxonomy":"product_tag","embeddable":true,"href":"https:\/\/singleflap.com\/tr\/wp-json\/wp\/v2\/product_tag?post=20420"}],"curies":[{"name":"wp","href":"https:\/\/api.w.org\/{rel}","templated":true}]}}