{"id":19431,"date":"2026-03-11T20:41:17","date_gmt":"2026-03-11T20:41:17","guid":{"rendered":"https:\/\/singleflap.com\/product\/dolce-gabbana-croco-and-phyton-small-sicily-bag\/"},"modified":"2026-03-19T10:11:54","modified_gmt":"2026-03-19T10:11:54","slug":"dolce-gabbana-croco-and-phyton-small-sicily-bag","status":"publish","type":"product","link":"https:\/\/singleflap.com\/tr\/product\/dolce-gabbana-croco-and-phyton-small-sicily-bag\/","title":{"rendered":"Dolce Gabbana Kroko ve Phyton K\u00fc\u00e7\u00fck Sicilya \u00c7anta"},"content":{"rendered":"<p><span style=\"color: #000000; font-family: Arial; font-size: xx-small;\">Dimensions: L 31 x H 21 cm, Croco and Phyton Leather , Green color<\/span><\/p>\n<p>&nbsp;<\/p>","protected":false},"excerpt":{"rendered":"<p>\u00c7ok iyi durumda<\/p>","protected":false},"featured_media":19223,"comment_status":"open","ping_status":"closed","template":"","meta":{"om_disable_all_campaigns":false,"_monsterinsights_skip_tracking":false,"_monsterinsights_sitenote_active":false,"_monsterinsights_sitenote_note":"","_monsterinsights_sitenote_category":0},"product_brand":[],"product_cat":[396],"product_tag":[961,963,977,978,501,968,500],"class_list":{"0":"post-19431","1":"product","2":"type-product","3":"status-publish","4":"has-post-thumbnail","6":"product_cat-crossbody-bags","7":"product_tag-authenticated","8":"product_tag-designer-bag","9":"product_tag-dolce-gabbana-4","10":"product_tag-exotic-leather","11":"product_tag-luxury","12":"product_tag-neutrals","13":"product_tag-pre-owned","15":"first","16":"instock","17":"taxable","18":"shipping-taxable","19":"purchasable","20":"product-type-simple"},"aioseo_notices":[],"_links":{"self":[{"href":"https:\/\/singleflap.com\/tr\/wp-json\/wp\/v2\/product\/19431","targetHints":{"allow":["GET"]}}],"collection":[{"href":"https:\/\/singleflap.com\/tr\/wp-json\/wp\/v2\/product"}],"about":[{"href":"https:\/\/singleflap.com\/tr\/wp-json\/wp\/v2\/types\/product"}],"replies":[{"embeddable":true,"href":"https:\/\/singleflap.com\/tr\/wp-json\/wp\/v2\/comments?post=19431"}],"wp:featuredmedia":[{"embeddable":true,"href":"https:\/\/singleflap.com\/tr\/wp-json\/wp\/v2\/media\/19223"}],"wp:attachment":[{"href":"https:\/\/singleflap.com\/tr\/wp-json\/wp\/v2\/media?parent=19431"}],"wp:term":[{"taxonomy":"product_brand","embeddable":true,"href":"https:\/\/singleflap.com\/tr\/wp-json\/wp\/v2\/product_brand?post=19431"},{"taxonomy":"product_cat","embeddable":true,"href":"https:\/\/singleflap.com\/tr\/wp-json\/wp\/v2\/product_cat?post=19431"},{"taxonomy":"product_tag","embeddable":true,"href":"https:\/\/singleflap.com\/tr\/wp-json\/wp\/v2\/product_tag?post=19431"}],"curies":[{"name":"wp","href":"https:\/\/api.w.org\/{rel}","templated":true}]}}