{"id":19426,"date":"2026-03-11T20:41:16","date_gmt":"2026-03-11T20:41:16","guid":{"rendered":"https:\/\/singleflap.com\/product\/valentino-black-leather-rockstud-glam-lock-xl-flap-bag\/"},"modified":"2026-03-12T20:47:39","modified_gmt":"2026-03-12T20:47:39","slug":"valentino-siyah-deri-rockstud-glam-lock-xl-flap-canta","status":"publish","type":"product","link":"https:\/\/singleflap.com\/tr\/product\/valentino-black-leather-rockstud-glam-lock-xl-flap-bag\/","title":{"rendered":"Valentino Siyah Deri Rockstud Glam Lock XL Flap \u00c7anta"},"content":{"rendered":"<p><span style=\"color: #000000; font-family: Arial; font-size: xx-small;\">Boyutlar: U 33 x Y 23.5 D 10 cm, 100% Deri, Siyah renk<\/span><\/p>","protected":false},"excerpt":{"rendered":"<p>Onaylanm\u0131\u015f ikinci el siyah Valentino deri \u00e7anta. \u00c7ok iyi durumda. SingleFlap uzmanlar\u0131 taraf\u0131ndan onaylanm\u0131\u015ft\u0131r.<\/p>","protected":false},"featured_media":19141,"comment_status":"open","ping_status":"closed","template":"","meta":{"om_disable_all_campaigns":false,"_monsterinsights_skip_tracking":false,"_monsterinsights_sitenote_active":false,"_monsterinsights_sitenote_note":"","_monsterinsights_sitenote_category":0},"product_brand":[],"product_cat":[396],"product_tag":[961,975,963,584,501,500,807],"class_list":{"0":"post-19426","1":"product","2":"type-product","3":"status-publish","4":"has-post-thumbnail","6":"product_cat-crossbody-bags","7":"product_tag-authenticated","8":"product_tag-black","9":"product_tag-designer-bag","10":"product_tag-leather","11":"product_tag-luxury","12":"product_tag-pre-owned","13":"product_tag-valentino","15":"first","16":"instock","17":"taxable","18":"shipping-taxable","19":"purchasable","20":"product-type-simple"},"aioseo_notices":[],"_links":{"self":[{"href":"https:\/\/singleflap.com\/tr\/wp-json\/wp\/v2\/product\/19426","targetHints":{"allow":["GET"]}}],"collection":[{"href":"https:\/\/singleflap.com\/tr\/wp-json\/wp\/v2\/product"}],"about":[{"href":"https:\/\/singleflap.com\/tr\/wp-json\/wp\/v2\/types\/product"}],"replies":[{"embeddable":true,"href":"https:\/\/singleflap.com\/tr\/wp-json\/wp\/v2\/comments?post=19426"}],"wp:featuredmedia":[{"embeddable":true,"href":"https:\/\/singleflap.com\/tr\/wp-json\/wp\/v2\/media\/19141"}],"wp:attachment":[{"href":"https:\/\/singleflap.com\/tr\/wp-json\/wp\/v2\/media?parent=19426"}],"wp:term":[{"taxonomy":"product_brand","embeddable":true,"href":"https:\/\/singleflap.com\/tr\/wp-json\/wp\/v2\/product_brand?post=19426"},{"taxonomy":"product_cat","embeddable":true,"href":"https:\/\/singleflap.com\/tr\/wp-json\/wp\/v2\/product_cat?post=19426"},{"taxonomy":"product_tag","embeddable":true,"href":"https:\/\/singleflap.com\/tr\/wp-json\/wp\/v2\/product_tag?post=19426"}],"curies":[{"name":"wp","href":"https:\/\/api.w.org\/{rel}","templated":true}]}}