{"id":19423,"date":"2026-03-11T20:41:16","date_gmt":"2026-03-11T20:41:16","guid":{"rendered":"https:\/\/singleflap.com\/product\/gucci-gg-monogran-small-cloth-bag\/"},"modified":"2026-03-12T20:43:23","modified_gmt":"2026-03-12T20:43:23","slug":"gucci-gg-monogran-small-cloth-bag","status":"publish","type":"product","link":"https:\/\/singleflap.com\/tr\/product\/gucci-gg-monogran-small-cloth-bag\/","title":{"rendered":"Gucci GG Monogram K\u00fc\u00e7\u00fck Bez \u00c7anta"},"content":{"rendered":"<p><span style=\"color: #000000; font-family: Arial; font-size: xx-small;\">Dimensions: L 34 x H 20 cm, Canvas and leather , Black color<\/span><\/p>","protected":false},"excerpt":{"rendered":"<p>N\u00f6tr tonlarda, onayl\u0131, ikinci el Gucci kuma\u015f \u00e7anta. \u00c7ok iyi durumda. SingleFlap uzmanlar\u0131 taraf\u0131ndan onaylanm\u0131\u015ft\u0131r.<\/p>","protected":false},"featured_media":19058,"comment_status":"open","ping_status":"closed","template":"","meta":{"om_disable_all_campaigns":false,"_monsterinsights_skip_tracking":false,"_monsterinsights_sitenote_active":false,"_monsterinsights_sitenote_note":"","_monsterinsights_sitenote_category":0},"product_brand":[],"product_cat":[395],"product_tag":[961,973,963,425,501,968,500],"class_list":{"0":"post-19423","1":"product","2":"type-product","3":"status-publish","4":"has-post-thumbnail","6":"product_cat-handbags","7":"product_tag-authenticated","8":"product_tag-cloth","9":"product_tag-designer-bag","10":"product_tag-gucci","11":"product_tag-luxury","12":"product_tag-neutrals","13":"product_tag-pre-owned","15":"first","16":"instock","17":"taxable","18":"shipping-taxable","19":"purchasable","20":"product-type-simple"},"aioseo_notices":[],"_links":{"self":[{"href":"https:\/\/singleflap.com\/tr\/wp-json\/wp\/v2\/product\/19423","targetHints":{"allow":["GET"]}}],"collection":[{"href":"https:\/\/singleflap.com\/tr\/wp-json\/wp\/v2\/product"}],"about":[{"href":"https:\/\/singleflap.com\/tr\/wp-json\/wp\/v2\/types\/product"}],"replies":[{"embeddable":true,"href":"https:\/\/singleflap.com\/tr\/wp-json\/wp\/v2\/comments?post=19423"}],"wp:featuredmedia":[{"embeddable":true,"href":"https:\/\/singleflap.com\/tr\/wp-json\/wp\/v2\/media\/19058"}],"wp:attachment":[{"href":"https:\/\/singleflap.com\/tr\/wp-json\/wp\/v2\/media?parent=19423"}],"wp:term":[{"taxonomy":"product_brand","embeddable":true,"href":"https:\/\/singleflap.com\/tr\/wp-json\/wp\/v2\/product_brand?post=19423"},{"taxonomy":"product_cat","embeddable":true,"href":"https:\/\/singleflap.com\/tr\/wp-json\/wp\/v2\/product_cat?post=19423"},{"taxonomy":"product_tag","embeddable":true,"href":"https:\/\/singleflap.com\/tr\/wp-json\/wp\/v2\/product_tag?post=19423"}],"curies":[{"name":"wp","href":"https:\/\/api.w.org\/{rel}","templated":true}]}}