{"id":19418,"date":"2026-03-11T20:41:16","date_gmt":"2026-03-11T20:41:16","guid":{"rendered":"https:\/\/singleflap.com\/product\/gucci-canvas-gg-monogram-brown-small-jackie-bag\/"},"modified":"2026-03-12T20:36:28","modified_gmt":"2026-03-12T20:36:28","slug":"gucci-canvas-gg-monogram-brown-small-jackie-bag","status":"publish","type":"product","link":"https:\/\/singleflap.com\/tr\/product\/gucci-canvas-gg-monogram-brown-small-jackie-bag\/","title":{"rendered":"Gucci Kanvas GG Monogram Kahverengi K\u00fc\u00e7\u00fck Jackie \u00c7anta"},"content":{"rendered":"<p><span style=\"color: #000000; font-family: Arial; font-size: xx-small;\">Dimensions: L 27 x H 17 D 4 cm, Canvas and leather , Black color<\/span><\/p>","protected":false},"excerpt":{"rendered":"<p>Onayl\u0131, ikinci el kahverengi Gucci kanvas \u00e7anta. \u00c7ok iyi durumda. SingleFlap uzmanlar\u0131 taraf\u0131ndan onaylanm\u0131\u015ft\u0131r.<\/p>","protected":false},"featured_media":18976,"comment_status":"open","ping_status":"closed","template":"","meta":{"om_disable_all_campaigns":false,"_monsterinsights_skip_tracking":false,"_monsterinsights_sitenote_active":false,"_monsterinsights_sitenote_note":"","_monsterinsights_sitenote_category":0},"product_brand":[],"product_cat":[396],"product_tag":[961,972,706,963,425,501,500],"class_list":{"0":"post-19418","1":"product","2":"type-product","3":"status-publish","4":"has-post-thumbnail","6":"product_cat-crossbody-bags","7":"product_tag-authenticated","8":"product_tag-brown","9":"product_tag-canvas","10":"product_tag-designer-bag","11":"product_tag-gucci","12":"product_tag-luxury","13":"product_tag-pre-owned","15":"first","16":"instock","17":"taxable","18":"shipping-taxable","19":"purchasable","20":"product-type-simple"},"aioseo_notices":[],"_links":{"self":[{"href":"https:\/\/singleflap.com\/tr\/wp-json\/wp\/v2\/product\/19418","targetHints":{"allow":["GET"]}}],"collection":[{"href":"https:\/\/singleflap.com\/tr\/wp-json\/wp\/v2\/product"}],"about":[{"href":"https:\/\/singleflap.com\/tr\/wp-json\/wp\/v2\/types\/product"}],"replies":[{"embeddable":true,"href":"https:\/\/singleflap.com\/tr\/wp-json\/wp\/v2\/comments?post=19418"}],"wp:featuredmedia":[{"embeddable":true,"href":"https:\/\/singleflap.com\/tr\/wp-json\/wp\/v2\/media\/18976"}],"wp:attachment":[{"href":"https:\/\/singleflap.com\/tr\/wp-json\/wp\/v2\/media?parent=19418"}],"wp:term":[{"taxonomy":"product_brand","embeddable":true,"href":"https:\/\/singleflap.com\/tr\/wp-json\/wp\/v2\/product_brand?post=19418"},{"taxonomy":"product_cat","embeddable":true,"href":"https:\/\/singleflap.com\/tr\/wp-json\/wp\/v2\/product_cat?post=19418"},{"taxonomy":"product_tag","embeddable":true,"href":"https:\/\/singleflap.com\/tr\/wp-json\/wp\/v2\/product_tag?post=19418"}],"curies":[{"name":"wp","href":"https:\/\/api.w.org\/{rel}","templated":true}]}}