{"id":19413,"date":"2026-03-11T20:41:15","date_gmt":"2026-03-11T20:41:15","guid":{"rendered":"https:\/\/singleflap.com\/product\/fendi-2-jours-monster-eyes-shoulder-bag\/"},"modified":"2026-03-11T20:41:15","modified_gmt":"2026-03-11T20:41:15","slug":"fendi-2-jours-monster-eyes-shoulder-bag","status":"publish","type":"product","link":"https:\/\/singleflap.com\/tr\/product\/fendi-2-jours-monster-eyes-shoulder-bag\/","title":{"rendered":"Fendi 2 Jours Canavar G\u00f6zl\u00fc Omuz \u00c7antas\u0131"},"content":{"rendered":"<p>This Fendi piece is a stunning example of luxury craftsmanship. Crafted from premium leather in neutrals, this bag has been carefully authenticated by our in-house experts. Every detail has been inspected \u2014 hardware, stitching, lining, and date codes \u2014 to ensure complete authenticity and quality. A rare find for the discerning collector.<\/p>","protected":false},"excerpt":{"rendered":"<p>N\u00f6tr renklerde, onayl\u0131, ikinci el Fendi deri \u00e7anta. \u00c7ok iyi durumda. SingleFlap uzmanlar\u0131 taraf\u0131ndan onaylanm\u0131\u015ft\u0131r.<\/p>","protected":false},"featured_media":0,"comment_status":"open","ping_status":"closed","template":"","meta":{"om_disable_all_campaigns":false,"_monsterinsights_skip_tracking":false,"_monsterinsights_sitenote_active":false,"_monsterinsights_sitenote_note":"","_monsterinsights_sitenote_category":0},"product_brand":[],"product_cat":[395],"product_tag":[961,963,455,584,501,968,500],"class_list":{"0":"post-19413","1":"product","2":"type-product","3":"status-publish","5":"product_cat-handbags","6":"product_tag-authenticated","7":"product_tag-designer-bag","8":"product_tag-fendi","9":"product_tag-leather","10":"product_tag-luxury","11":"product_tag-neutrals","12":"product_tag-pre-owned","14":"first","15":"instock","16":"taxable","17":"shipping-taxable","18":"purchasable","19":"product-type-simple"},"aioseo_notices":[],"_links":{"self":[{"href":"https:\/\/singleflap.com\/tr\/wp-json\/wp\/v2\/product\/19413","targetHints":{"allow":["GET"]}}],"collection":[{"href":"https:\/\/singleflap.com\/tr\/wp-json\/wp\/v2\/product"}],"about":[{"href":"https:\/\/singleflap.com\/tr\/wp-json\/wp\/v2\/types\/product"}],"replies":[{"embeddable":true,"href":"https:\/\/singleflap.com\/tr\/wp-json\/wp\/v2\/comments?post=19413"}],"wp:attachment":[{"href":"https:\/\/singleflap.com\/tr\/wp-json\/wp\/v2\/media?parent=19413"}],"wp:term":[{"taxonomy":"product_brand","embeddable":true,"href":"https:\/\/singleflap.com\/tr\/wp-json\/wp\/v2\/product_brand?post=19413"},{"taxonomy":"product_cat","embeddable":true,"href":"https:\/\/singleflap.com\/tr\/wp-json\/wp\/v2\/product_cat?post=19413"},{"taxonomy":"product_tag","embeddable":true,"href":"https:\/\/singleflap.com\/tr\/wp-json\/wp\/v2\/product_tag?post=19413"}],"curies":[{"name":"wp","href":"https:\/\/api.w.org\/{rel}","templated":true}]}}