{"id":19408,"date":"2026-03-11T20:41:15","date_gmt":"2026-03-11T20:41:15","guid":{"rendered":"https:\/\/singleflap.com\/product\/louis-vuitton-red-epi-leather-petit-noe-shoulder-bag\/"},"modified":"2026-03-12T21:00:08","modified_gmt":"2026-03-12T21:00:08","slug":"louis-vuitton-red-epi-leather-petit-noe-shoulder-bag","status":"publish","type":"product","link":"https:\/\/singleflap.com\/tr\/product\/louis-vuitton-red-epi-leather-petit-noe-shoulder-bag\/","title":{"rendered":"Louis Vuitton K\u0131rm\u0131z\u0131 Epi Deri Petit Noe Omuz \u00c7antas\u0131"},"content":{"rendered":"<p><span style=\"color: #000000; font-family: Arial; font-size: xx-small;\">Dimensions: L 19.5 x H 34 cm, 100% Epi Leather, Red color<\/span><\/p>","protected":false},"excerpt":{"rendered":"<p>\u0130kinci el Louis Vuitton k\u0131rm\u0131z\u0131 deri \u00e7anta. \u00c7ok iyi durumda. SingleFlap uzmanlar\u0131 taraf\u0131ndan onaylanm\u0131\u015ft\u0131r.<\/p>","protected":false},"featured_media":18817,"comment_status":"open","ping_status":"closed","template":"","meta":{"om_disable_all_campaigns":false,"_monsterinsights_skip_tracking":false,"_monsterinsights_sitenote_active":false,"_monsterinsights_sitenote_note":"","_monsterinsights_sitenote_category":0},"product_brand":[],"product_cat":[396],"product_tag":[961,963,584,964,501,500,965],"class_list":{"0":"post-19408","1":"product","2":"type-product","3":"status-publish","4":"has-post-thumbnail","6":"product_cat-crossbody-bags","7":"product_tag-authenticated","8":"product_tag-designer-bag","9":"product_tag-leather","10":"product_tag-louis-vuitton-2","11":"product_tag-luxury","12":"product_tag-pre-owned","13":"product_tag-red","15":"first","16":"instock","17":"taxable","18":"shipping-taxable","19":"purchasable","20":"product-type-simple"},"aioseo_notices":[],"_links":{"self":[{"href":"https:\/\/singleflap.com\/tr\/wp-json\/wp\/v2\/product\/19408","targetHints":{"allow":["GET"]}}],"collection":[{"href":"https:\/\/singleflap.com\/tr\/wp-json\/wp\/v2\/product"}],"about":[{"href":"https:\/\/singleflap.com\/tr\/wp-json\/wp\/v2\/types\/product"}],"replies":[{"embeddable":true,"href":"https:\/\/singleflap.com\/tr\/wp-json\/wp\/v2\/comments?post=19408"}],"wp:featuredmedia":[{"embeddable":true,"href":"https:\/\/singleflap.com\/tr\/wp-json\/wp\/v2\/media\/18817"}],"wp:attachment":[{"href":"https:\/\/singleflap.com\/tr\/wp-json\/wp\/v2\/media?parent=19408"}],"wp:term":[{"taxonomy":"product_brand","embeddable":true,"href":"https:\/\/singleflap.com\/tr\/wp-json\/wp\/v2\/product_brand?post=19408"},{"taxonomy":"product_cat","embeddable":true,"href":"https:\/\/singleflap.com\/tr\/wp-json\/wp\/v2\/product_cat?post=19408"},{"taxonomy":"product_tag","embeddable":true,"href":"https:\/\/singleflap.com\/tr\/wp-json\/wp\/v2\/product_tag?post=19408"}],"curies":[{"name":"wp","href":"https:\/\/api.w.org\/{rel}","templated":true}]}}