{"id":19407,"date":"2026-03-11T20:41:15","date_gmt":"2026-03-11T20:41:15","guid":{"rendered":"https:\/\/singleflap.com\/product\/fendi-gold-holographic-leather-spy-handbag\/"},"modified":"2026-03-12T20:54:53","modified_gmt":"2026-03-12T20:54:53","slug":"fendi-altin-holografik-deri-casus-canta","status":"publish","type":"product","link":"https:\/\/singleflap.com\/tr\/product\/fendi-gold-holographic-leather-spy-handbag\/","title":{"rendered":"Fendi Alt\u0131n Holografik Deri Casus \u00c7anta"},"content":{"rendered":"<p><span style=\"color: #343434; font-family: Helvetica Neue; font-size: x-large;\">Boyutlar: U 48 x Y 25 cm 100% Deri, Alt\u0131n rengi<\/span><\/p>","protected":false},"excerpt":{"rendered":"<p>Onayl\u0131, ikinci el, alt\u0131n rengi Fendi deri \u00e7anta. \u00c7ok iyi durumda. SingleFlap uzmanlar\u0131 taraf\u0131ndan onaylanm\u0131\u015ft\u0131r.<\/p>","protected":false},"featured_media":18800,"comment_status":"open","ping_status":"closed","template":"","meta":{"om_disable_all_campaigns":false,"_monsterinsights_skip_tracking":false,"_monsterinsights_sitenote_active":false,"_monsterinsights_sitenote_note":"","_monsterinsights_sitenote_category":0},"product_brand":[],"product_cat":[395],"product_tag":[961,963,455,962,584,501,500],"class_list":{"0":"post-19407","1":"product","2":"type-product","3":"status-publish","4":"has-post-thumbnail","6":"product_cat-handbags","7":"product_tag-authenticated","8":"product_tag-designer-bag","9":"product_tag-fendi","10":"product_tag-gold","11":"product_tag-leather","12":"product_tag-luxury","13":"product_tag-pre-owned","15":"first","16":"instock","17":"taxable","18":"shipping-taxable","19":"purchasable","20":"product-type-simple"},"aioseo_notices":[],"_links":{"self":[{"href":"https:\/\/singleflap.com\/tr\/wp-json\/wp\/v2\/product\/19407","targetHints":{"allow":["GET"]}}],"collection":[{"href":"https:\/\/singleflap.com\/tr\/wp-json\/wp\/v2\/product"}],"about":[{"href":"https:\/\/singleflap.com\/tr\/wp-json\/wp\/v2\/types\/product"}],"replies":[{"embeddable":true,"href":"https:\/\/singleflap.com\/tr\/wp-json\/wp\/v2\/comments?post=19407"}],"wp:featuredmedia":[{"embeddable":true,"href":"https:\/\/singleflap.com\/tr\/wp-json\/wp\/v2\/media\/18800"}],"wp:attachment":[{"href":"https:\/\/singleflap.com\/tr\/wp-json\/wp\/v2\/media?parent=19407"}],"wp:term":[{"taxonomy":"product_brand","embeddable":true,"href":"https:\/\/singleflap.com\/tr\/wp-json\/wp\/v2\/product_brand?post=19407"},{"taxonomy":"product_cat","embeddable":true,"href":"https:\/\/singleflap.com\/tr\/wp-json\/wp\/v2\/product_cat?post=19407"},{"taxonomy":"product_tag","embeddable":true,"href":"https:\/\/singleflap.com\/tr\/wp-json\/wp\/v2\/product_tag?post=19407"}],"curies":[{"name":"wp","href":"https:\/\/api.w.org\/{rel}","templated":true}]}}