{"id":19335,"date":"2026-03-10T19:20:08","date_gmt":"2026-03-10T19:20:08","guid":{"rendered":"https:\/\/singleflap.com\/product\/alexander-mcquuen-black-suede-oversized-sneaker\/"},"modified":"2026-03-11T05:05:21","modified_gmt":"2026-03-11T05:05:21","slug":"alexander-mcquuen-black-suede-oversized-sneaker","status":"publish","type":"product","link":"https:\/\/singleflap.com\/tr\/product\/alexander-mcquuen-black-suede-oversized-sneaker\/","title":{"rendered":"Alexander Mcquuen Siyah S\u00fcet B\u00fcy\u00fck Boy Spor Ayakkab\u0131"},"content":{"rendered":"<p>Alexander Mcquuen Black Suede Oversized Sneaker, Size 38.5, Black color<\/p>","protected":false},"excerpt":{"rendered":"<p>\u00c7ok iyi durumda<\/p>","protected":false},"featured_media":17853,"comment_status":"open","ping_status":"closed","template":"","meta":{"om_disable_all_campaigns":false,"_monsterinsights_skip_tracking":false,"_monsterinsights_sitenote_active":false,"_monsterinsights_sitenote_note":"","_monsterinsights_sitenote_category":0},"product_brand":[],"product_cat":[405],"product_tag":[558,501,500,925],"class_list":{"0":"post-19335","1":"product","2":"type-product","3":"status-publish","4":"has-post-thumbnail","6":"product_cat-sneakers","7":"product_tag-alexander-mcqueen","8":"product_tag-luxury","9":"product_tag-pre-owned","10":"product_tag-sneakers","12":"first","13":"instock","14":"taxable","15":"shipping-taxable","16":"purchasable","17":"product-type-simple"},"aioseo_notices":[],"_links":{"self":[{"href":"https:\/\/singleflap.com\/tr\/wp-json\/wp\/v2\/product\/19335","targetHints":{"allow":["GET"]}}],"collection":[{"href":"https:\/\/singleflap.com\/tr\/wp-json\/wp\/v2\/product"}],"about":[{"href":"https:\/\/singleflap.com\/tr\/wp-json\/wp\/v2\/types\/product"}],"replies":[{"embeddable":true,"href":"https:\/\/singleflap.com\/tr\/wp-json\/wp\/v2\/comments?post=19335"}],"wp:featuredmedia":[{"embeddable":true,"href":"https:\/\/singleflap.com\/tr\/wp-json\/wp\/v2\/media\/17853"}],"wp:attachment":[{"href":"https:\/\/singleflap.com\/tr\/wp-json\/wp\/v2\/media?parent=19335"}],"wp:term":[{"taxonomy":"product_brand","embeddable":true,"href":"https:\/\/singleflap.com\/tr\/wp-json\/wp\/v2\/product_brand?post=19335"},{"taxonomy":"product_cat","embeddable":true,"href":"https:\/\/singleflap.com\/tr\/wp-json\/wp\/v2\/product_cat?post=19335"},{"taxonomy":"product_tag","embeddable":true,"href":"https:\/\/singleflap.com\/tr\/wp-json\/wp\/v2\/product_tag?post=19335"}],"curies":[{"name":"wp","href":"https:\/\/api.w.org\/{rel}","templated":true}]}}