{"id":19328,"date":"2026-03-10T19:20:08","date_gmt":"2026-03-10T19:20:08","guid":{"rendered":"https:\/\/singleflap.com\/product\/loro-piana-venice-emboidered-cashmere-blend-flannel-slippers\/"},"modified":"2026-03-11T04:53:14","modified_gmt":"2026-03-11T04:53:14","slug":"loro-piana-venice-emboidered-cashmere-blend-flannel-slippers","status":"publish","type":"product","link":"https:\/\/singleflap.com\/tr\/product\/loro-piana-venice-emboidered-cashmere-blend-flannel-slippers\/","title":{"rendered":"Loro Piana Venice Nak\u0131\u015fl\u0131 Ka\u015fmir Kar\u0131\u015f\u0131m\u0131 Flanel Terlik"},"content":{"rendered":"<p>Loro Piana Venice Emboidered Cashmere Blend Flannel Slippers, Size 39, Ecru color<\/p>","protected":false},"excerpt":{"rendered":"<p>\u00c7ok iyi durumda<\/p>","protected":false},"featured_media":17780,"comment_status":"open","ping_status":"closed","template":"","meta":{"om_disable_all_campaigns":false,"_monsterinsights_skip_tracking":false,"_monsterinsights_sitenote_active":false,"_monsterinsights_sitenote_note":"","_monsterinsights_sitenote_category":0},"product_brand":[],"product_cat":[403],"product_tag":[923,529,501,500],"class_list":{"0":"post-19328","1":"product","2":"type-product","3":"status-publish","4":"has-post-thumbnail","6":"product_cat-flats","7":"product_tag-flats","8":"product_tag-loro-piana","9":"product_tag-luxury","10":"product_tag-pre-owned","12":"first","13":"instock","14":"taxable","15":"shipping-taxable","16":"purchasable","17":"product-type-simple"},"aioseo_notices":[],"_links":{"self":[{"href":"https:\/\/singleflap.com\/tr\/wp-json\/wp\/v2\/product\/19328","targetHints":{"allow":["GET"]}}],"collection":[{"href":"https:\/\/singleflap.com\/tr\/wp-json\/wp\/v2\/product"}],"about":[{"href":"https:\/\/singleflap.com\/tr\/wp-json\/wp\/v2\/types\/product"}],"replies":[{"embeddable":true,"href":"https:\/\/singleflap.com\/tr\/wp-json\/wp\/v2\/comments?post=19328"}],"wp:featuredmedia":[{"embeddable":true,"href":"https:\/\/singleflap.com\/tr\/wp-json\/wp\/v2\/media\/17780"}],"wp:attachment":[{"href":"https:\/\/singleflap.com\/tr\/wp-json\/wp\/v2\/media?parent=19328"}],"wp:term":[{"taxonomy":"product_brand","embeddable":true,"href":"https:\/\/singleflap.com\/tr\/wp-json\/wp\/v2\/product_brand?post=19328"},{"taxonomy":"product_cat","embeddable":true,"href":"https:\/\/singleflap.com\/tr\/wp-json\/wp\/v2\/product_cat?post=19328"},{"taxonomy":"product_tag","embeddable":true,"href":"https:\/\/singleflap.com\/tr\/wp-json\/wp\/v2\/product_tag?post=19328"}],"curies":[{"name":"wp","href":"https:\/\/api.w.org\/{rel}","templated":true}]}}