{"id":19310,"date":"2026-03-10T19:20:03","date_gmt":"2026-03-10T19:20:03","guid":{"rendered":"https:\/\/singleflap.com\/product\/chanel-black-leather-faux-pearl-embellished-double-strap-thong-sandals\/"},"modified":"2026-03-10T21:16:44","modified_gmt":"2026-03-10T21:16:44","slug":"chanel-black-leather-faux-pearl-embellished-double-strap-thong-sandals","status":"publish","type":"product","link":"https:\/\/singleflap.com\/tr\/product\/chanel-black-leather-faux-pearl-embellished-double-strap-thong-sandals\/","title":{"rendered":"Chanel Siyah Deri Suni \u0130nci S\u00fcslemeli \u00c7ift Ask\u0131l\u0131 Tanga Sandalet"},"content":{"rendered":"<p>Chanel Black Leather Faux-Pearl Embellished Double Strap Thong Sandals, Size 38.5, Black color<\/p>","protected":false},"excerpt":{"rendered":"<p>\u00c7ok iyi durumda<\/p>","protected":false},"featured_media":18020,"comment_status":"open","ping_status":"closed","template":"","meta":{"om_disable_all_campaigns":false,"_monsterinsights_skip_tracking":false,"_monsterinsights_sitenote_active":false,"_monsterinsights_sitenote_note":"","_monsterinsights_sitenote_category":0},"product_brand":[],"product_cat":[404],"product_tag":[434,501,500,924],"class_list":{"0":"post-19310","1":"product","2":"type-product","3":"status-publish","4":"has-post-thumbnail","6":"product_cat-sandals","7":"product_tag-chanel","8":"product_tag-luxury","9":"product_tag-pre-owned","10":"product_tag-sandals","12":"first","13":"instock","14":"taxable","15":"shipping-taxable","16":"purchasable","17":"product-type-simple"},"aioseo_notices":[],"_links":{"self":[{"href":"https:\/\/singleflap.com\/tr\/wp-json\/wp\/v2\/product\/19310","targetHints":{"allow":["GET"]}}],"collection":[{"href":"https:\/\/singleflap.com\/tr\/wp-json\/wp\/v2\/product"}],"about":[{"href":"https:\/\/singleflap.com\/tr\/wp-json\/wp\/v2\/types\/product"}],"replies":[{"embeddable":true,"href":"https:\/\/singleflap.com\/tr\/wp-json\/wp\/v2\/comments?post=19310"}],"wp:featuredmedia":[{"embeddable":true,"href":"https:\/\/singleflap.com\/tr\/wp-json\/wp\/v2\/media\/18020"}],"wp:attachment":[{"href":"https:\/\/singleflap.com\/tr\/wp-json\/wp\/v2\/media?parent=19310"}],"wp:term":[{"taxonomy":"product_brand","embeddable":true,"href":"https:\/\/singleflap.com\/tr\/wp-json\/wp\/v2\/product_brand?post=19310"},{"taxonomy":"product_cat","embeddable":true,"href":"https:\/\/singleflap.com\/tr\/wp-json\/wp\/v2\/product_cat?post=19310"},{"taxonomy":"product_tag","embeddable":true,"href":"https:\/\/singleflap.com\/tr\/wp-json\/wp\/v2\/product_tag?post=19310"}],"curies":[{"name":"wp","href":"https:\/\/api.w.org\/{rel}","templated":true}]}}