{"id":19307,"date":"2026-03-10T19:20:03","date_gmt":"2026-03-10T19:20:03","guid":{"rendered":"https:\/\/singleflap.com\/product\/miu-miu-gold-crystal-embellished-sneakers\/"},"modified":"2026-03-11T05:17:14","modified_gmt":"2026-03-11T05:17:14","slug":"miu-miu-altin-kristal-islemeli-spor-ayakkabi","status":"publish","type":"product","link":"https:\/\/singleflap.com\/tr\/product\/miu-miu-gold-crystal-embellished-sneakers\/","title":{"rendered":"Miu Miu Alt\u0131n Kristal S\u00fcslemeli Spor Ayakkab\u0131"},"content":{"rendered":"<p>Miu Miu Alt\u0131n Kristal Ta\u015fl\u0131 Sneaker, Beden 36, Alt\u0131n Renk<\/p>","protected":false},"excerpt":{"rendered":"<p>\u0130yi durumda<\/p>","protected":false},"featured_media":17991,"comment_status":"open","ping_status":"closed","template":"","meta":{"om_disable_all_campaigns":false,"_monsterinsights_skip_tracking":false,"_monsterinsights_sitenote_active":false,"_monsterinsights_sitenote_note":"","_monsterinsights_sitenote_category":0},"product_brand":[],"product_cat":[405],"product_tag":[501,527,500,925],"class_list":{"0":"post-19307","1":"product","2":"type-product","3":"status-publish","4":"has-post-thumbnail","6":"product_cat-sneakers","7":"product_tag-luxury","8":"product_tag-miu-miu","9":"product_tag-pre-owned","10":"product_tag-sneakers","12":"first","13":"instock","14":"taxable","15":"shipping-taxable","16":"purchasable","17":"product-type-simple"},"aioseo_notices":[],"_links":{"self":[{"href":"https:\/\/singleflap.com\/tr\/wp-json\/wp\/v2\/product\/19307","targetHints":{"allow":["GET"]}}],"collection":[{"href":"https:\/\/singleflap.com\/tr\/wp-json\/wp\/v2\/product"}],"about":[{"href":"https:\/\/singleflap.com\/tr\/wp-json\/wp\/v2\/types\/product"}],"replies":[{"embeddable":true,"href":"https:\/\/singleflap.com\/tr\/wp-json\/wp\/v2\/comments?post=19307"}],"wp:featuredmedia":[{"embeddable":true,"href":"https:\/\/singleflap.com\/tr\/wp-json\/wp\/v2\/media\/17991"}],"wp:attachment":[{"href":"https:\/\/singleflap.com\/tr\/wp-json\/wp\/v2\/media?parent=19307"}],"wp:term":[{"taxonomy":"product_brand","embeddable":true,"href":"https:\/\/singleflap.com\/tr\/wp-json\/wp\/v2\/product_brand?post=19307"},{"taxonomy":"product_cat","embeddable":true,"href":"https:\/\/singleflap.com\/tr\/wp-json\/wp\/v2\/product_cat?post=19307"},{"taxonomy":"product_tag","embeddable":true,"href":"https:\/\/singleflap.com\/tr\/wp-json\/wp\/v2\/product_tag?post=19307"}],"curies":[{"name":"wp","href":"https:\/\/api.w.org\/{rel}","templated":true}]}}