{"id":19296,"date":"2026-03-10T19:20:02","date_gmt":"2026-03-10T19:20:02","guid":{"rendered":"https:\/\/singleflap.com\/product\/alaia-studded-leather-and-suede-ankle-boots\/"},"modified":"2026-03-10T21:26:15","modified_gmt":"2026-03-10T21:26:15","slug":"alaia-studded-leather-and-suede-ankle-boots","status":"publish","type":"product","link":"https:\/\/singleflap.com\/tr\/product\/alaia-studded-leather-and-suede-ankle-boots\/","title":{"rendered":"Alaia \u00c7ivili Deri ve S\u00fcet Ayak Bile\u011fi Botu"},"content":{"rendered":"<p>Alaia Studded Leather and Suede Ankle Boots, Size 37, Black color<\/p>","protected":false},"excerpt":{"rendered":"<p>\u00c7ok iyi durumda<\/p>","protected":false},"featured_media":18247,"comment_status":"open","ping_status":"closed","template":"","meta":{"om_disable_all_campaigns":false,"_monsterinsights_skip_tracking":false,"_monsterinsights_sitenote_active":false,"_monsterinsights_sitenote_note":"","_monsterinsights_sitenote_category":0},"product_brand":[],"product_cat":[402],"product_tag":[523,939,501,500],"class_list":{"0":"post-19296","1":"product","2":"type-product","3":"status-publish","4":"has-post-thumbnail","6":"product_cat-boots","7":"product_tag-alaia","8":"product_tag-boots","9":"product_tag-luxury","10":"product_tag-pre-owned","12":"first","13":"instock","14":"taxable","15":"shipping-taxable","16":"purchasable","17":"product-type-simple"},"aioseo_notices":[],"_links":{"self":[{"href":"https:\/\/singleflap.com\/tr\/wp-json\/wp\/v2\/product\/19296","targetHints":{"allow":["GET"]}}],"collection":[{"href":"https:\/\/singleflap.com\/tr\/wp-json\/wp\/v2\/product"}],"about":[{"href":"https:\/\/singleflap.com\/tr\/wp-json\/wp\/v2\/types\/product"}],"replies":[{"embeddable":true,"href":"https:\/\/singleflap.com\/tr\/wp-json\/wp\/v2\/comments?post=19296"}],"wp:featuredmedia":[{"embeddable":true,"href":"https:\/\/singleflap.com\/tr\/wp-json\/wp\/v2\/media\/18247"}],"wp:attachment":[{"href":"https:\/\/singleflap.com\/tr\/wp-json\/wp\/v2\/media?parent=19296"}],"wp:term":[{"taxonomy":"product_brand","embeddable":true,"href":"https:\/\/singleflap.com\/tr\/wp-json\/wp\/v2\/product_brand?post=19296"},{"taxonomy":"product_cat","embeddable":true,"href":"https:\/\/singleflap.com\/tr\/wp-json\/wp\/v2\/product_cat?post=19296"},{"taxonomy":"product_tag","embeddable":true,"href":"https:\/\/singleflap.com\/tr\/wp-json\/wp\/v2\/product_tag?post=19296"}],"curies":[{"name":"wp","href":"https:\/\/api.w.org\/{rel}","templated":true}]}}