{"id":19273,"date":"2026-03-10T19:19:57","date_gmt":"2026-03-10T19:19:57","guid":{"rendered":"https:\/\/singleflap.com\/product\/chanel-cc-logo-glitter-and-grossgrain-cap-toe-slingback-pumps\/"},"modified":"2026-03-10T20:52:27","modified_gmt":"2026-03-10T20:52:27","slug":"chanel-cc-logo-glitter-and-grossgrain-cap-toe-slingback-pumps","status":"publish","type":"product","link":"https:\/\/singleflap.com\/tr\/product\/chanel-cc-logo-glitter-and-grossgrain-cap-toe-slingback-pumps\/","title":{"rendered":"Chanel CC Logolu Par\u0131lt\u0131l\u0131 ve Grossgrain Cap Toe Slingback Pompa"},"content":{"rendered":"<p>Chanel CC Logo Glitter and Grossgrain Cap Toe Slingback Pumps, Size 36, Gold and Black color<\/p>","protected":false},"excerpt":{"rendered":"<p>\u00c7ok iyi durumda<\/p>","protected":false},"featured_media":18427,"comment_status":"open","ping_status":"closed","template":"","meta":{"om_disable_all_campaigns":false,"_monsterinsights_skip_tracking":false,"_monsterinsights_sitenote_active":false,"_monsterinsights_sitenote_note":"","_monsterinsights_sitenote_category":0},"product_brand":[],"product_cat":[403],"product_tag":[434,923,501,500],"class_list":{"0":"post-19273","1":"product","2":"type-product","3":"status-publish","4":"has-post-thumbnail","6":"product_cat-flats","7":"product_tag-chanel","8":"product_tag-flats","9":"product_tag-luxury","10":"product_tag-pre-owned","12":"first","13":"instock","14":"taxable","15":"shipping-taxable","16":"purchasable","17":"product-type-simple"},"aioseo_notices":[],"_links":{"self":[{"href":"https:\/\/singleflap.com\/tr\/wp-json\/wp\/v2\/product\/19273","targetHints":{"allow":["GET"]}}],"collection":[{"href":"https:\/\/singleflap.com\/tr\/wp-json\/wp\/v2\/product"}],"about":[{"href":"https:\/\/singleflap.com\/tr\/wp-json\/wp\/v2\/types\/product"}],"replies":[{"embeddable":true,"href":"https:\/\/singleflap.com\/tr\/wp-json\/wp\/v2\/comments?post=19273"}],"wp:featuredmedia":[{"embeddable":true,"href":"https:\/\/singleflap.com\/tr\/wp-json\/wp\/v2\/media\/18427"}],"wp:attachment":[{"href":"https:\/\/singleflap.com\/tr\/wp-json\/wp\/v2\/media?parent=19273"}],"wp:term":[{"taxonomy":"product_brand","embeddable":true,"href":"https:\/\/singleflap.com\/tr\/wp-json\/wp\/v2\/product_brand?post=19273"},{"taxonomy":"product_cat","embeddable":true,"href":"https:\/\/singleflap.com\/tr\/wp-json\/wp\/v2\/product_cat?post=19273"},{"taxonomy":"product_tag","embeddable":true,"href":"https:\/\/singleflap.com\/tr\/wp-json\/wp\/v2\/product_tag?post=19273"}],"curies":[{"name":"wp","href":"https:\/\/api.w.org\/{rel}","templated":true}]}}