{"id":19266,"date":"2026-03-10T19:19:57","date_gmt":"2026-03-10T19:19:57","guid":{"rendered":"https:\/\/singleflap.com\/product\/hermes-suede-yellow-chypre-sandals\/"},"modified":"2026-03-10T21:04:58","modified_gmt":"2026-03-10T21:04:58","slug":"hermes-suede-yellow-chypre-sandals","status":"publish","type":"product","link":"https:\/\/singleflap.com\/tr\/product\/hermes-suede-yellow-chypre-sandals\/","title":{"rendered":"Hermes S\u00fcet Sar\u0131 \u015eipre Sandalet"},"content":{"rendered":"<p>Hermes Suede Yellow Chypre Sandals, Size 38, Yellow color<\/p>","protected":false},"excerpt":{"rendered":"<p>\u0130yi durumda<\/p>","protected":false},"featured_media":18788,"comment_status":"open","ping_status":"closed","template":"","meta":{"om_disable_all_campaigns":false,"_monsterinsights_skip_tracking":false,"_monsterinsights_sitenote_active":false,"_monsterinsights_sitenote_note":"","_monsterinsights_sitenote_category":0},"product_brand":[],"product_cat":[404],"product_tag":[451,501,500,924],"class_list":{"0":"post-19266","1":"product","2":"type-product","3":"status-publish","4":"has-post-thumbnail","6":"product_cat-sandals","7":"product_tag-hermes","8":"product_tag-luxury","9":"product_tag-pre-owned","10":"product_tag-sandals","12":"first","13":"instock","14":"taxable","15":"shipping-taxable","16":"purchasable","17":"product-type-simple"},"aioseo_notices":[],"_links":{"self":[{"href":"https:\/\/singleflap.com\/tr\/wp-json\/wp\/v2\/product\/19266","targetHints":{"allow":["GET"]}}],"collection":[{"href":"https:\/\/singleflap.com\/tr\/wp-json\/wp\/v2\/product"}],"about":[{"href":"https:\/\/singleflap.com\/tr\/wp-json\/wp\/v2\/types\/product"}],"replies":[{"embeddable":true,"href":"https:\/\/singleflap.com\/tr\/wp-json\/wp\/v2\/comments?post=19266"}],"wp:featuredmedia":[{"embeddable":true,"href":"https:\/\/singleflap.com\/tr\/wp-json\/wp\/v2\/media\/18788"}],"wp:attachment":[{"href":"https:\/\/singleflap.com\/tr\/wp-json\/wp\/v2\/media?parent=19266"}],"wp:term":[{"taxonomy":"product_brand","embeddable":true,"href":"https:\/\/singleflap.com\/tr\/wp-json\/wp\/v2\/product_brand?post=19266"},{"taxonomy":"product_cat","embeddable":true,"href":"https:\/\/singleflap.com\/tr\/wp-json\/wp\/v2\/product_cat?post=19266"},{"taxonomy":"product_tag","embeddable":true,"href":"https:\/\/singleflap.com\/tr\/wp-json\/wp\/v2\/product_tag?post=19266"}],"curies":[{"name":"wp","href":"https:\/\/api.w.org\/{rel}","templated":true}]}}