{"id":19262,"date":"2026-03-10T19:19:56","date_gmt":"2026-03-10T19:19:56","guid":{"rendered":"https:\/\/singleflap.com\/product\/balenciaga-navy-blue-shimmery-knit-fabric-speed-trainer-sneakers\/"},"modified":"2026-03-10T20:22:51","modified_gmt":"2026-03-10T20:22:51","slug":"balenciaga-navy-blue-shimmery-knit-fabric-speed-trainer-sneakers","status":"publish","type":"product","link":"https:\/\/singleflap.com\/tr\/product\/balenciaga-navy-blue-shimmery-knit-fabric-speed-trainer-sneakers\/","title":{"rendered":"Balenciaga Lacivert P\u0131r\u0131lt\u0131l\u0131 \u00d6rg\u00fc Kuma\u015f Speed Trainer Spor Ayakkab\u0131"},"content":{"rendered":"<p>Balenciaga Navy Blue Shimmery Knit Fabric Speed Trainer Sneakers, Size 39, Navy blue color<\/p>","protected":false},"excerpt":{"rendered":"<p>\u00c7ok iyi durumda<\/p>","protected":false},"featured_media":18743,"comment_status":"open","ping_status":"closed","template":"","meta":{"om_disable_all_campaigns":false,"_monsterinsights_skip_tracking":false,"_monsterinsights_sitenote_active":false,"_monsterinsights_sitenote_note":"","_monsterinsights_sitenote_category":0},"product_brand":[],"product_cat":[405],"product_tag":[515,501,500,925],"class_list":{"0":"post-19262","1":"product","2":"type-product","3":"status-publish","4":"has-post-thumbnail","6":"product_cat-sneakers","7":"product_tag-balenciaga","8":"product_tag-luxury","9":"product_tag-pre-owned","10":"product_tag-sneakers","12":"first","13":"instock","14":"taxable","15":"shipping-taxable","16":"purchasable","17":"product-type-simple"},"aioseo_notices":[],"_links":{"self":[{"href":"https:\/\/singleflap.com\/tr\/wp-json\/wp\/v2\/product\/19262","targetHints":{"allow":["GET"]}}],"collection":[{"href":"https:\/\/singleflap.com\/tr\/wp-json\/wp\/v2\/product"}],"about":[{"href":"https:\/\/singleflap.com\/tr\/wp-json\/wp\/v2\/types\/product"}],"replies":[{"embeddable":true,"href":"https:\/\/singleflap.com\/tr\/wp-json\/wp\/v2\/comments?post=19262"}],"wp:featuredmedia":[{"embeddable":true,"href":"https:\/\/singleflap.com\/tr\/wp-json\/wp\/v2\/media\/18743"}],"wp:attachment":[{"href":"https:\/\/singleflap.com\/tr\/wp-json\/wp\/v2\/media?parent=19262"}],"wp:term":[{"taxonomy":"product_brand","embeddable":true,"href":"https:\/\/singleflap.com\/tr\/wp-json\/wp\/v2\/product_brand?post=19262"},{"taxonomy":"product_cat","embeddable":true,"href":"https:\/\/singleflap.com\/tr\/wp-json\/wp\/v2\/product_cat?post=19262"},{"taxonomy":"product_tag","embeddable":true,"href":"https:\/\/singleflap.com\/tr\/wp-json\/wp\/v2\/product_tag?post=19262"}],"curies":[{"name":"wp","href":"https:\/\/api.w.org\/{rel}","templated":true}]}}