{"id":19257,"date":"2026-03-10T19:19:56","date_gmt":"2026-03-10T19:19:56","guid":{"rendered":"https:\/\/singleflap.com\/product\/chanel-blue-leather-cc-chain-link-ankle-strap-sandal\/"},"modified":"2026-03-10T20:30:15","modified_gmt":"2026-03-10T20:30:15","slug":"chanel-blue-leather-cc-chain-link-ankle-strap-sandal","status":"publish","type":"product","link":"https:\/\/singleflap.com\/tr\/product\/chanel-blue-leather-cc-chain-link-ankle-strap-sandal\/","title":{"rendered":"Chanel Mavi Deri CC Zincir Detayl\u0131 Ayak Bile\u011fi Ask\u0131l\u0131 Sandalet"},"content":{"rendered":"<p>Chanel Blue Leather CC Chain Link Ankle Strap Sandal, Size 38, Blue color<\/p>","protected":false},"excerpt":{"rendered":"<p>\u0130yi durumda<\/p>","protected":false},"featured_media":18682,"comment_status":"open","ping_status":"closed","template":"","meta":{"om_disable_all_campaigns":false,"_monsterinsights_skip_tracking":false,"_monsterinsights_sitenote_active":false,"_monsterinsights_sitenote_note":"","_monsterinsights_sitenote_category":0},"product_brand":[],"product_cat":[404],"product_tag":[434,501,500,924],"class_list":{"0":"post-19257","1":"product","2":"type-product","3":"status-publish","4":"has-post-thumbnail","6":"product_cat-sandals","7":"product_tag-chanel","8":"product_tag-luxury","9":"product_tag-pre-owned","10":"product_tag-sandals","12":"first","13":"instock","14":"taxable","15":"shipping-taxable","16":"purchasable","17":"product-type-simple"},"aioseo_notices":[],"_links":{"self":[{"href":"https:\/\/singleflap.com\/tr\/wp-json\/wp\/v2\/product\/19257","targetHints":{"allow":["GET"]}}],"collection":[{"href":"https:\/\/singleflap.com\/tr\/wp-json\/wp\/v2\/product"}],"about":[{"href":"https:\/\/singleflap.com\/tr\/wp-json\/wp\/v2\/types\/product"}],"replies":[{"embeddable":true,"href":"https:\/\/singleflap.com\/tr\/wp-json\/wp\/v2\/comments?post=19257"}],"wp:featuredmedia":[{"embeddable":true,"href":"https:\/\/singleflap.com\/tr\/wp-json\/wp\/v2\/media\/18682"}],"wp:attachment":[{"href":"https:\/\/singleflap.com\/tr\/wp-json\/wp\/v2\/media?parent=19257"}],"wp:term":[{"taxonomy":"product_brand","embeddable":true,"href":"https:\/\/singleflap.com\/tr\/wp-json\/wp\/v2\/product_brand?post=19257"},{"taxonomy":"product_cat","embeddable":true,"href":"https:\/\/singleflap.com\/tr\/wp-json\/wp\/v2\/product_cat?post=19257"},{"taxonomy":"product_tag","embeddable":true,"href":"https:\/\/singleflap.com\/tr\/wp-json\/wp\/v2\/product_tag?post=19257"}],"curies":[{"name":"wp","href":"https:\/\/api.w.org\/{rel}","templated":true}]}}