{"id":17582,"date":"2026-03-08T23:04:36","date_gmt":"2026-03-08T23:04:36","guid":{"rendered":"https:\/\/singleflap.com\/?post_type=product&#038;p=17582"},"modified":"2026-03-10T21:13:07","modified_gmt":"2026-03-10T21:13:07","slug":"brunello-cucinelli-kazayagi-desenli-ceket","status":"publish","type":"product","link":"https:\/\/singleflap.com\/tr\/product\/brunello-cucinelli-houndstooth-pattern-jacket\/","title":{"rendered":"Brunello Cucinelli Bal\u0131ks\u0131rt\u0131 Desenli Ceket"},"content":{"rendered":"<p>Brunello Cucinelli Bal\u0131ks\u0131rt\u0131 Desenli Ceket, Beden IT 40, Malzeme 66% Keten 31% Y\u00fcn 3% \u0130pek<\/p>","protected":false},"excerpt":{"rendered":"<p>\u00c7ok iyi durumda<\/p>","protected":false},"featured_media":16740,"comment_status":"open","ping_status":"closed","template":"","meta":{"om_disable_all_campaigns":false,"_monsterinsights_skip_tracking":false,"_monsterinsights_sitenote_active":false,"_monsterinsights_sitenote_note":"","_monsterinsights_sitenote_category":0},"product_brand":[789],"product_cat":[407,435],"product_tag":[790,791,792,787,501],"class_list":{"0":"post-17582","1":"product","2":"type-product","3":"status-publish","4":"has-post-thumbnail","6":"product_brand-brunello-cucinelli","7":"product_cat-clothing","8":"product_cat-coats-jackets","9":"product_tag-brunello-cucinelli","10":"product_tag-brunello-cucinelli-ceket","11":"product_tag-brunello-cucinelli-jacket","12":"product_tag-luks","13":"product_tag-luxury","15":"first","16":"instock","17":"taxable","18":"shipping-taxable","19":"purchasable","20":"product-type-simple"},"aioseo_notices":[],"_links":{"self":[{"href":"https:\/\/singleflap.com\/tr\/wp-json\/wp\/v2\/product\/17582","targetHints":{"allow":["GET"]}}],"collection":[{"href":"https:\/\/singleflap.com\/tr\/wp-json\/wp\/v2\/product"}],"about":[{"href":"https:\/\/singleflap.com\/tr\/wp-json\/wp\/v2\/types\/product"}],"replies":[{"embeddable":true,"href":"https:\/\/singleflap.com\/tr\/wp-json\/wp\/v2\/comments?post=17582"}],"wp:featuredmedia":[{"embeddable":true,"href":"https:\/\/singleflap.com\/tr\/wp-json\/wp\/v2\/media\/16740"}],"wp:attachment":[{"href":"https:\/\/singleflap.com\/tr\/wp-json\/wp\/v2\/media?parent=17582"}],"wp:term":[{"taxonomy":"product_brand","embeddable":true,"href":"https:\/\/singleflap.com\/tr\/wp-json\/wp\/v2\/product_brand?post=17582"},{"taxonomy":"product_cat","embeddable":true,"href":"https:\/\/singleflap.com\/tr\/wp-json\/wp\/v2\/product_cat?post=17582"},{"taxonomy":"product_tag","embeddable":true,"href":"https:\/\/singleflap.com\/tr\/wp-json\/wp\/v2\/product_tag?post=17582"}],"curies":[{"name":"wp","href":"https:\/\/api.w.org\/{rel}","templated":true}]}}