{"id":17108,"date":"2026-03-08T21:01:12","date_gmt":"2026-03-08T21:01:12","guid":{"rendered":"https:\/\/singleflap.com\/product\/louis-vuitton-pochette-lv-monogram-cosmetic-pm-pouch-clutch\/"},"modified":"2026-03-10T21:35:34","modified_gmt":"2026-03-10T21:35:34","slug":"louis-vuitton-pochette-lv-monogram-cosmetic-pm-pouch-clutch","status":"publish","type":"product","link":"https:\/\/singleflap.com\/tr\/product\/louis-vuitton-pochette-lv-monogram-cosmetic-pm-pouch-clutch\/","title":{"rendered":"Louis Vuitton Pochette LV Monogram Kozmetik PM K\u0131l\u0131f\u0131 Clutch"},"content":{"rendered":"<p>Dimensions: L 19 x H 12 x D 6 cm, Leather, Brown color<\/p>","protected":false},"excerpt":{"rendered":"<p>\u00c7ok iyi durumda<\/p>","protected":false},"featured_media":16811,"comment_status":"open","ping_status":"closed","template":"","meta":{"om_disable_all_campaigns":false,"_monsterinsights_skip_tracking":false,"_monsterinsights_sitenote_active":false,"_monsterinsights_sitenote_note":"","_monsterinsights_sitenote_category":0},"product_brand":[],"product_cat":[398],"product_tag":[705,780,442,501,499,717,500],"class_list":{"0":"post-17108","1":"product","2":"type-product","3":"status-publish","4":"has-post-thumbnail","6":"product_cat-clutches","7":"product_tag-bags","8":"product_tag-cosmetic","9":"product_tag-louis-vuitton","10":"product_tag-luxury","11":"product_tag-monogram","12":"product_tag-pochette","13":"product_tag-pre-owned","15":"first","16":"instock","17":"taxable","18":"shipping-taxable","19":"purchasable","20":"product-type-simple"},"aioseo_notices":[],"_links":{"self":[{"href":"https:\/\/singleflap.com\/tr\/wp-json\/wp\/v2\/product\/17108","targetHints":{"allow":["GET"]}}],"collection":[{"href":"https:\/\/singleflap.com\/tr\/wp-json\/wp\/v2\/product"}],"about":[{"href":"https:\/\/singleflap.com\/tr\/wp-json\/wp\/v2\/types\/product"}],"replies":[{"embeddable":true,"href":"https:\/\/singleflap.com\/tr\/wp-json\/wp\/v2\/comments?post=17108"}],"wp:featuredmedia":[{"embeddable":true,"href":"https:\/\/singleflap.com\/tr\/wp-json\/wp\/v2\/media\/16811"}],"wp:attachment":[{"href":"https:\/\/singleflap.com\/tr\/wp-json\/wp\/v2\/media?parent=17108"}],"wp:term":[{"taxonomy":"product_brand","embeddable":true,"href":"https:\/\/singleflap.com\/tr\/wp-json\/wp\/v2\/product_brand?post=17108"},{"taxonomy":"product_cat","embeddable":true,"href":"https:\/\/singleflap.com\/tr\/wp-json\/wp\/v2\/product_cat?post=17108"},{"taxonomy":"product_tag","embeddable":true,"href":"https:\/\/singleflap.com\/tr\/wp-json\/wp\/v2\/product_tag?post=17108"}],"curies":[{"name":"wp","href":"https:\/\/api.w.org\/{rel}","templated":true}]}}