{"id":17106,"date":"2026-03-08T21:01:12","date_gmt":"2026-03-08T21:01:12","guid":{"rendered":"https:\/\/singleflap.com\/product\/louis-vuitton-monogram-perfume-travel-case-200-ml-wallet\/"},"modified":"2026-03-08T21:39:09","modified_gmt":"2026-03-08T21:39:09","slug":"louis-vuitton-monogram-perfume-travel-case-200-ml-wallet","status":"publish","type":"product","link":"https:\/\/singleflap.com\/tr\/product\/louis-vuitton-monogram-perfume-travel-case-200-ml-wallet\/","title":{"rendered":"Louis Vuitton Monogram Parf\u00fcm Seyahat \u00c7antas\u0131 200 ml C\u00fczdan"},"content":{"rendered":"<p>Dimensions: L 7.6 x H 16.5 cm , Leather, Brown color<\/p>","protected":false},"excerpt":{"rendered":"<p>\u00c7ok iyi durumda<\/p>","protected":false},"featured_media":16835,"comment_status":"open","ping_status":"closed","template":"","meta":{"om_disable_all_campaigns":false,"_monsterinsights_skip_tracking":false,"_monsterinsights_sitenote_active":false,"_monsterinsights_sitenote_note":"","_monsterinsights_sitenote_category":0},"product_brand":[],"product_cat":[414],"product_tag":[559,584,442,501,499,500,778],"class_list":{"0":"post-17106","1":"product","2":"type-product","3":"status-publish","4":"has-post-thumbnail","6":"product_cat-small-leather-goods","7":"product_tag-accessories","8":"product_tag-leather","9":"product_tag-louis-vuitton","10":"product_tag-luxury","11":"product_tag-monogram","12":"product_tag-pre-owned","13":"product_tag-travel-case","15":"first","16":"instock","17":"taxable","18":"shipping-taxable","19":"purchasable","20":"product-type-simple"},"aioseo_notices":[],"_links":{"self":[{"href":"https:\/\/singleflap.com\/tr\/wp-json\/wp\/v2\/product\/17106","targetHints":{"allow":["GET"]}}],"collection":[{"href":"https:\/\/singleflap.com\/tr\/wp-json\/wp\/v2\/product"}],"about":[{"href":"https:\/\/singleflap.com\/tr\/wp-json\/wp\/v2\/types\/product"}],"replies":[{"embeddable":true,"href":"https:\/\/singleflap.com\/tr\/wp-json\/wp\/v2\/comments?post=17106"}],"wp:featuredmedia":[{"embeddable":true,"href":"https:\/\/singleflap.com\/tr\/wp-json\/wp\/v2\/media\/16835"}],"wp:attachment":[{"href":"https:\/\/singleflap.com\/tr\/wp-json\/wp\/v2\/media?parent=17106"}],"wp:term":[{"taxonomy":"product_brand","embeddable":true,"href":"https:\/\/singleflap.com\/tr\/wp-json\/wp\/v2\/product_brand?post=17106"},{"taxonomy":"product_cat","embeddable":true,"href":"https:\/\/singleflap.com\/tr\/wp-json\/wp\/v2\/product_cat?post=17106"},{"taxonomy":"product_tag","embeddable":true,"href":"https:\/\/singleflap.com\/tr\/wp-json\/wp\/v2\/product_tag?post=17106"}],"curies":[{"name":"wp","href":"https:\/\/api.w.org\/{rel}","templated":true}]}}