{"id":17102,"date":"2026-03-08T21:01:12","date_gmt":"2026-03-08T21:01:12","guid":{"rendered":"https:\/\/singleflap.com\/product\/louis-vuitton-monogram-coin-purse-customize-wallet\/"},"modified":"2026-03-08T21:35:34","modified_gmt":"2026-03-08T21:35:34","slug":"louis-vuitton-monogram-bozuk-para-cuzdani-ozellesti%cc%87rme-cuzdani","status":"publish","type":"product","link":"https:\/\/singleflap.com\/tr\/product\/louis-vuitton-monogram-coin-purse-customize-wallet\/","title":{"rendered":"Louis Vuitton Monogram Coin Purse \u00d6zelle\u015ftirme C\u00fczdan\u0131"},"content":{"rendered":"<p>Boyutlar: U 10,5 x Y 8 cm, Deri, Kahverengi renk<\/p>","protected":false},"excerpt":{"rendered":"<p>\u00c7ok iyi durumda<\/p>","protected":false},"featured_media":16883,"comment_status":"open","ping_status":"closed","template":"","meta":{"om_disable_all_campaigns":false,"_monsterinsights_skip_tracking":false,"_monsterinsights_sitenote_active":false,"_monsterinsights_sitenote_note":"","_monsterinsights_sitenote_category":0},"product_brand":[],"product_cat":[414],"product_tag":[559,442,501,499,500,773],"class_list":{"0":"post-17102","1":"product","2":"type-product","3":"status-publish","4":"has-post-thumbnail","6":"product_cat-small-leather-goods","7":"product_tag-accessories","8":"product_tag-louis-vuitton","9":"product_tag-luxury","10":"product_tag-monogram","11":"product_tag-pre-owned","12":"product_tag-wallet","14":"first","15":"instock","16":"taxable","17":"shipping-taxable","18":"purchasable","19":"product-type-simple"},"aioseo_notices":[],"_links":{"self":[{"href":"https:\/\/singleflap.com\/tr\/wp-json\/wp\/v2\/product\/17102","targetHints":{"allow":["GET"]}}],"collection":[{"href":"https:\/\/singleflap.com\/tr\/wp-json\/wp\/v2\/product"}],"about":[{"href":"https:\/\/singleflap.com\/tr\/wp-json\/wp\/v2\/types\/product"}],"replies":[{"embeddable":true,"href":"https:\/\/singleflap.com\/tr\/wp-json\/wp\/v2\/comments?post=17102"}],"wp:featuredmedia":[{"embeddable":true,"href":"https:\/\/singleflap.com\/tr\/wp-json\/wp\/v2\/media\/16883"}],"wp:attachment":[{"href":"https:\/\/singleflap.com\/tr\/wp-json\/wp\/v2\/media?parent=17102"}],"wp:term":[{"taxonomy":"product_brand","embeddable":true,"href":"https:\/\/singleflap.com\/tr\/wp-json\/wp\/v2\/product_brand?post=17102"},{"taxonomy":"product_cat","embeddable":true,"href":"https:\/\/singleflap.com\/tr\/wp-json\/wp\/v2\/product_cat?post=17102"},{"taxonomy":"product_tag","embeddable":true,"href":"https:\/\/singleflap.com\/tr\/wp-json\/wp\/v2\/product_tag?post=17102"}],"curies":[{"name":"wp","href":"https:\/\/api.w.org\/{rel}","templated":true}]}}