{"id":17096,"date":"2026-03-08T21:01:12","date_gmt":"2026-03-08T21:01:12","guid":{"rendered":"https:\/\/singleflap.com\/product\/jacquemus-le-riviera-mini-velvet-strap-coin-purse\/"},"modified":"2026-03-08T21:30:35","modified_gmt":"2026-03-08T21:30:35","slug":"jacquemus-le-riviera-mini-kadife-askili-bozuk-para-cuzdani","status":"publish","type":"product","link":"https:\/\/singleflap.com\/tr\/product\/jacquemus-le-riviera-mini-velvet-strap-coin-purse\/","title":{"rendered":"Jacquemus Le Riviera Mini Kadife Ask\u0131l\u0131 Bozuk Para C\u00fczdan\u0131"},"content":{"rendered":"<p>Boyutlar: U 8 x Y 11 cm, Kadife, Lila rengi<\/p>","protected":false},"excerpt":{"rendered":"<p>\u00c7ok iyi durumda<\/p>","protected":false},"featured_media":16951,"comment_status":"open","ping_status":"closed","template":"","meta":{"om_disable_all_campaigns":false,"_monsterinsights_skip_tracking":false,"_monsterinsights_sitenote_active":false,"_monsterinsights_sitenote_note":"","_monsterinsights_sitenote_category":0},"product_brand":[],"product_cat":[414],"product_tag":[559,770,769,501,500,750],"class_list":{"0":"post-17096","1":"product","2":"type-product","3":"status-publish","4":"has-post-thumbnail","6":"product_cat-small-leather-goods","7":"product_tag-accessories","8":"product_tag-coin-purse","9":"product_tag-jacquemus","10":"product_tag-luxury","11":"product_tag-pre-owned","12":"product_tag-velvet","14":"first","15":"instock","16":"taxable","17":"shipping-taxable","18":"purchasable","19":"product-type-simple"},"aioseo_notices":[],"_links":{"self":[{"href":"https:\/\/singleflap.com\/tr\/wp-json\/wp\/v2\/product\/17096","targetHints":{"allow":["GET"]}}],"collection":[{"href":"https:\/\/singleflap.com\/tr\/wp-json\/wp\/v2\/product"}],"about":[{"href":"https:\/\/singleflap.com\/tr\/wp-json\/wp\/v2\/types\/product"}],"replies":[{"embeddable":true,"href":"https:\/\/singleflap.com\/tr\/wp-json\/wp\/v2\/comments?post=17096"}],"wp:featuredmedia":[{"embeddable":true,"href":"https:\/\/singleflap.com\/tr\/wp-json\/wp\/v2\/media\/16951"}],"wp:attachment":[{"href":"https:\/\/singleflap.com\/tr\/wp-json\/wp\/v2\/media?parent=17096"}],"wp:term":[{"taxonomy":"product_brand","embeddable":true,"href":"https:\/\/singleflap.com\/tr\/wp-json\/wp\/v2\/product_brand?post=17096"},{"taxonomy":"product_cat","embeddable":true,"href":"https:\/\/singleflap.com\/tr\/wp-json\/wp\/v2\/product_cat?post=17096"},{"taxonomy":"product_tag","embeddable":true,"href":"https:\/\/singleflap.com\/tr\/wp-json\/wp\/v2\/product_tag?post=17096"}],"curies":[{"name":"wp","href":"https:\/\/api.w.org\/{rel}","templated":true}]}}