{"id":17094,"date":"2026-03-08T21:01:12","date_gmt":"2026-03-08T21:01:12","guid":{"rendered":"https:\/\/singleflap.com\/product\/celine-tricolor-phyton-and-leather-nano-luggage-shoulder-bag\/"},"modified":"2026-03-08T21:28:52","modified_gmt":"2026-03-08T21:28:52","slug":"celine-uc-renkli%cc%87-fi%cc%87ton-ve-deri%cc%87-nano-bagaj-omuz-cantasi","status":"publish","type":"product","link":"https:\/\/singleflap.com\/tr\/product\/celine-tricolor-phyton-and-leather-nano-luggage-shoulder-bag\/","title":{"rendered":"Celine \u00dc\u00e7 Renkli Phyton ve Deri Nano Bagaj Omuz \u00c7antas\u0131"},"content":{"rendered":"<p>Boyutlar: U 20 x Y 20 x D 10 cm, Fiton ve Deri, \u00dc\u00e7 Renkli<\/p>","protected":false},"excerpt":{"rendered":"<p>\u0130yi durumda<\/p>","protected":false},"featured_media":16983,"comment_status":"open","ping_status":"closed","template":"","meta":{"om_disable_all_campaigns":false,"_monsterinsights_skip_tracking":false,"_monsterinsights_sitenote_active":false,"_monsterinsights_sitenote_note":"","_monsterinsights_sitenote_category":0},"product_brand":[],"product_cat":[395],"product_tag":[705,447,501,767,500,768],"class_list":{"0":"post-17094","1":"product","2":"type-product","3":"status-publish","4":"has-post-thumbnail","6":"product_cat-handbags","7":"product_tag-bags","8":"product_tag-celine","9":"product_tag-luxury","10":"product_tag-nano-luggage","11":"product_tag-pre-owned","12":"product_tag-python","14":"first","15":"instock","16":"taxable","17":"shipping-taxable","18":"purchasable","19":"product-type-simple"},"aioseo_notices":[],"_links":{"self":[{"href":"https:\/\/singleflap.com\/tr\/wp-json\/wp\/v2\/product\/17094","targetHints":{"allow":["GET"]}}],"collection":[{"href":"https:\/\/singleflap.com\/tr\/wp-json\/wp\/v2\/product"}],"about":[{"href":"https:\/\/singleflap.com\/tr\/wp-json\/wp\/v2\/types\/product"}],"replies":[{"embeddable":true,"href":"https:\/\/singleflap.com\/tr\/wp-json\/wp\/v2\/comments?post=17094"}],"wp:featuredmedia":[{"embeddable":true,"href":"https:\/\/singleflap.com\/tr\/wp-json\/wp\/v2\/media\/16983"}],"wp:attachment":[{"href":"https:\/\/singleflap.com\/tr\/wp-json\/wp\/v2\/media?parent=17094"}],"wp:term":[{"taxonomy":"product_brand","embeddable":true,"href":"https:\/\/singleflap.com\/tr\/wp-json\/wp\/v2\/product_brand?post=17094"},{"taxonomy":"product_cat","embeddable":true,"href":"https:\/\/singleflap.com\/tr\/wp-json\/wp\/v2\/product_cat?post=17094"},{"taxonomy":"product_tag","embeddable":true,"href":"https:\/\/singleflap.com\/tr\/wp-json\/wp\/v2\/product_tag?post=17094"}],"curies":[{"name":"wp","href":"https:\/\/api.w.org\/{rel}","templated":true}]}}