{"id":17091,"date":"2026-03-08T21:01:11","date_gmt":"2026-03-08T21:01:11","guid":{"rendered":"https:\/\/singleflap.com\/product\/christian-dior-large-red-lady-dior-patent-leather-bag\/"},"modified":"2026-03-08T23:23:50","modified_gmt":"2026-03-08T23:23:50","slug":"christian-dior-buyuk-kirmizi-lady-dior-rugan-canta","status":"publish","type":"product","link":"https:\/\/singleflap.com\/tr\/product\/christian-dior-large-red-lady-dior-patent-leather-bag\/","title":{"rendered":"Christian Dior B\u00fcy\u00fck K\u0131rm\u0131z\u0131 Lady Dior Rugan \u00c7anta"},"content":{"rendered":"<p>Boyutlar: U 32 x Y 25 x D 12,5 cm, Rugan, K\u0131rm\u0131z\u0131 renk<\/p>","protected":false},"excerpt":{"rendered":"<p>\u0130yi durumda<\/p>","protected":false},"featured_media":17650,"comment_status":"open","ping_status":"closed","template":"","meta":{"om_disable_all_campaigns":false,"_monsterinsights_skip_tracking":false,"_monsterinsights_sitenote_active":false,"_monsterinsights_sitenote_note":"","_monsterinsights_sitenote_category":0},"product_brand":[],"product_cat":[395],"product_tag":[705,432,758,501,759,500],"class_list":{"0":"post-17091","1":"product","2":"type-product","3":"status-publish","4":"has-post-thumbnail","6":"product_cat-handbags","7":"product_tag-bags","8":"product_tag-christian-dior","9":"product_tag-lady-dior","10":"product_tag-luxury","11":"product_tag-patent-leather","12":"product_tag-pre-owned","14":"first","15":"instock","16":"taxable","17":"shipping-taxable","18":"purchasable","19":"product-type-simple"},"aioseo_notices":[],"_links":{"self":[{"href":"https:\/\/singleflap.com\/tr\/wp-json\/wp\/v2\/product\/17091","targetHints":{"allow":["GET"]}}],"collection":[{"href":"https:\/\/singleflap.com\/tr\/wp-json\/wp\/v2\/product"}],"about":[{"href":"https:\/\/singleflap.com\/tr\/wp-json\/wp\/v2\/types\/product"}],"replies":[{"embeddable":true,"href":"https:\/\/singleflap.com\/tr\/wp-json\/wp\/v2\/comments?post=17091"}],"wp:featuredmedia":[{"embeddable":true,"href":"https:\/\/singleflap.com\/tr\/wp-json\/wp\/v2\/media\/17650"}],"wp:attachment":[{"href":"https:\/\/singleflap.com\/tr\/wp-json\/wp\/v2\/media?parent=17091"}],"wp:term":[{"taxonomy":"product_brand","embeddable":true,"href":"https:\/\/singleflap.com\/tr\/wp-json\/wp\/v2\/product_brand?post=17091"},{"taxonomy":"product_cat","embeddable":true,"href":"https:\/\/singleflap.com\/tr\/wp-json\/wp\/v2\/product_cat?post=17091"},{"taxonomy":"product_tag","embeddable":true,"href":"https:\/\/singleflap.com\/tr\/wp-json\/wp\/v2\/product_tag?post=17091"}],"curies":[{"name":"wp","href":"https:\/\/api.w.org\/{rel}","templated":true}]}}