{"id":17086,"date":"2026-03-08T21:01:11","date_gmt":"2026-03-08T21:01:11","guid":{"rendered":"https:\/\/singleflap.com\/product\/alexander-mcqueen-reversible-floral-and-black-leather-tote-bag\/"},"modified":"2026-03-08T23:19:47","modified_gmt":"2026-03-08T23:19:47","slug":"alexander-mcqueen-reversible-floral-and-black-leather-tote-bag","status":"publish","type":"product","link":"https:\/\/singleflap.com\/tr\/product\/alexander-mcqueen-reversible-floral-and-black-leather-tote-bag\/","title":{"rendered":"Alexander Mcqueen Ters \u00c7evrilebilir \u00c7i\u00e7ekli ve Siyah Deri Tote \u00c7anta"},"content":{"rendered":"<p>Dimensions: L 30.5 x H 30 x D 18 cm, Leather, Multicolor<\/p>","protected":false},"excerpt":{"rendered":"<p>\u00c7ok iyi durumda<\/p>","protected":false},"featured_media":17598,"comment_status":"open","ping_status":"closed","template":"","meta":{"om_disable_all_campaigns":false,"_monsterinsights_skip_tracking":false,"_monsterinsights_sitenote_active":false,"_monsterinsights_sitenote_note":"","_monsterinsights_sitenote_category":0},"product_brand":[],"product_cat":[397],"product_tag":[558,705,584,501,500,755,722],"class_list":{"0":"post-17086","1":"product","2":"type-product","3":"status-publish","4":"has-post-thumbnail","6":"product_cat-totes","7":"product_tag-alexander-mcqueen","8":"product_tag-bags","9":"product_tag-leather","10":"product_tag-luxury","11":"product_tag-pre-owned","12":"product_tag-reversible","13":"product_tag-tote","15":"first","16":"instock","17":"taxable","18":"shipping-taxable","19":"purchasable","20":"product-type-simple"},"aioseo_notices":[],"_links":{"self":[{"href":"https:\/\/singleflap.com\/tr\/wp-json\/wp\/v2\/product\/17086","targetHints":{"allow":["GET"]}}],"collection":[{"href":"https:\/\/singleflap.com\/tr\/wp-json\/wp\/v2\/product"}],"about":[{"href":"https:\/\/singleflap.com\/tr\/wp-json\/wp\/v2\/types\/product"}],"replies":[{"embeddable":true,"href":"https:\/\/singleflap.com\/tr\/wp-json\/wp\/v2\/comments?post=17086"}],"wp:featuredmedia":[{"embeddable":true,"href":"https:\/\/singleflap.com\/tr\/wp-json\/wp\/v2\/media\/17598"}],"wp:attachment":[{"href":"https:\/\/singleflap.com\/tr\/wp-json\/wp\/v2\/media?parent=17086"}],"wp:term":[{"taxonomy":"product_brand","embeddable":true,"href":"https:\/\/singleflap.com\/tr\/wp-json\/wp\/v2\/product_brand?post=17086"},{"taxonomy":"product_cat","embeddable":true,"href":"https:\/\/singleflap.com\/tr\/wp-json\/wp\/v2\/product_cat?post=17086"},{"taxonomy":"product_tag","embeddable":true,"href":"https:\/\/singleflap.com\/tr\/wp-json\/wp\/v2\/product_tag?post=17086"}],"curies":[{"name":"wp","href":"https:\/\/api.w.org\/{rel}","templated":true}]}}