{"id":17069,"date":"2026-03-08T21:01:07","date_gmt":"2026-03-08T21:01:07","guid":{"rendered":"https:\/\/singleflap.com\/product\/gucci-gg-marmont-tweed-super-mini-shoulder-bag\/"},"modified":"2026-03-08T22:17:54","modified_gmt":"2026-03-08T22:17:54","slug":"gucci-gg-marmont-tweed-super-mini-shoulder-bag","status":"publish","type":"product","link":"https:\/\/singleflap.com\/tr\/product\/gucci-gg-marmont-tweed-super-mini-shoulder-bag\/","title":{"rendered":"Gucci GG Marmont T\u00fcvit S\u00fcper Mini Omuz \u00c7antas\u0131"},"content":{"rendered":"<p>Dimensions: L 16.5 x H 10 x D 4.5 cm, Tweed, Multicolor<\/p>","protected":false},"excerpt":{"rendered":"<p>M\u00fckemmel durumda<\/p>","protected":false},"featured_media":17363,"comment_status":"open","ping_status":"closed","template":"","meta":{"om_disable_all_campaigns":false,"_monsterinsights_skip_tracking":false,"_monsterinsights_sitenote_active":false,"_monsterinsights_sitenote_note":"","_monsterinsights_sitenote_category":0},"product_brand":[],"product_cat":[395],"product_tag":[705,425,501,731,732,500,590],"class_list":{"0":"post-17069","1":"product","2":"type-product","3":"status-publish","4":"has-post-thumbnail","6":"product_cat-handbags","7":"product_tag-bags","8":"product_tag-gucci","9":"product_tag-luxury","10":"product_tag-marmont","11":"product_tag-mini","12":"product_tag-pre-owned","13":"product_tag-tweed","15":"first","16":"instock","17":"taxable","18":"shipping-taxable","19":"purchasable","20":"product-type-simple"},"aioseo_notices":[],"_links":{"self":[{"href":"https:\/\/singleflap.com\/tr\/wp-json\/wp\/v2\/product\/17069","targetHints":{"allow":["GET"]}}],"collection":[{"href":"https:\/\/singleflap.com\/tr\/wp-json\/wp\/v2\/product"}],"about":[{"href":"https:\/\/singleflap.com\/tr\/wp-json\/wp\/v2\/types\/product"}],"replies":[{"embeddable":true,"href":"https:\/\/singleflap.com\/tr\/wp-json\/wp\/v2\/comments?post=17069"}],"wp:featuredmedia":[{"embeddable":true,"href":"https:\/\/singleflap.com\/tr\/wp-json\/wp\/v2\/media\/17363"}],"wp:attachment":[{"href":"https:\/\/singleflap.com\/tr\/wp-json\/wp\/v2\/media?parent=17069"}],"wp:term":[{"taxonomy":"product_brand","embeddable":true,"href":"https:\/\/singleflap.com\/tr\/wp-json\/wp\/v2\/product_brand?post=17069"},{"taxonomy":"product_cat","embeddable":true,"href":"https:\/\/singleflap.com\/tr\/wp-json\/wp\/v2\/product_cat?post=17069"},{"taxonomy":"product_tag","embeddable":true,"href":"https:\/\/singleflap.com\/tr\/wp-json\/wp\/v2\/product_tag?post=17069"}],"curies":[{"name":"wp","href":"https:\/\/api.w.org\/{rel}","templated":true}]}}