{"id":17066,"date":"2026-03-08T21:01:07","date_gmt":"2026-03-08T21:01:07","guid":{"rendered":"https:\/\/singleflap.com\/product\/fendi-peekaboo-iseeu-small-intreccio-shoulder-bag\/"},"modified":"2026-03-08T22:09:30","modified_gmt":"2026-03-08T22:09:30","slug":"fendi-peekaboo-iseeu-small-intreccio-shoulder-bag","status":"publish","type":"product","link":"https:\/\/singleflap.com\/tr\/product\/fendi-peekaboo-iseeu-small-intreccio-shoulder-bag\/","title":{"rendered":"Fendi Peekaboo ISeeU K\u00fc\u00e7\u00fck Intreccio Omuz \u00c7antas\u0131"},"content":{"rendered":"<p>Dimensions: L 27 x H 21 x D 11 cm, 100% Leather , Multicolor<\/p>","protected":false},"excerpt":{"rendered":"<p>Yeni<\/p>","protected":false},"featured_media":17319,"comment_status":"open","ping_status":"closed","template":"","meta":{"om_disable_all_campaigns":false,"_monsterinsights_skip_tracking":false,"_monsterinsights_sitenote_active":false,"_monsterinsights_sitenote_note":"","_monsterinsights_sitenote_category":0},"product_brand":[],"product_cat":[395],"product_tag":[705,455,727,501,726,500],"class_list":{"0":"post-17066","1":"product","2":"type-product","3":"status-publish","4":"has-post-thumbnail","6":"product_cat-handbags","7":"product_tag-bags","8":"product_tag-fendi","9":"product_tag-intreccio","10":"product_tag-luxury","11":"product_tag-peekaboo","12":"product_tag-pre-owned","14":"first","15":"instock","16":"taxable","17":"shipping-taxable","18":"purchasable","19":"product-type-simple"},"aioseo_notices":[],"_links":{"self":[{"href":"https:\/\/singleflap.com\/tr\/wp-json\/wp\/v2\/product\/17066","targetHints":{"allow":["GET"]}}],"collection":[{"href":"https:\/\/singleflap.com\/tr\/wp-json\/wp\/v2\/product"}],"about":[{"href":"https:\/\/singleflap.com\/tr\/wp-json\/wp\/v2\/types\/product"}],"replies":[{"embeddable":true,"href":"https:\/\/singleflap.com\/tr\/wp-json\/wp\/v2\/comments?post=17066"}],"wp:featuredmedia":[{"embeddable":true,"href":"https:\/\/singleflap.com\/tr\/wp-json\/wp\/v2\/media\/17319"}],"wp:attachment":[{"href":"https:\/\/singleflap.com\/tr\/wp-json\/wp\/v2\/media?parent=17066"}],"wp:term":[{"taxonomy":"product_brand","embeddable":true,"href":"https:\/\/singleflap.com\/tr\/wp-json\/wp\/v2\/product_brand?post=17066"},{"taxonomy":"product_cat","embeddable":true,"href":"https:\/\/singleflap.com\/tr\/wp-json\/wp\/v2\/product_cat?post=17066"},{"taxonomy":"product_tag","embeddable":true,"href":"https:\/\/singleflap.com\/tr\/wp-json\/wp\/v2\/product_tag?post=17066"}],"curies":[{"name":"wp","href":"https:\/\/api.w.org\/{rel}","templated":true}]}}