{"id":17055,"date":"2026-03-08T21:01:06","date_gmt":"2026-03-08T21:01:06","guid":{"rendered":"https:\/\/singleflap.com\/product\/bottega-veneta-green-loop-crossbody-bag\/"},"modified":"2026-03-08T21:48:19","modified_gmt":"2026-03-08T21:48:19","slug":"bottega-veneta-yesil-halka-capraz-askili-canta","status":"publish","type":"product","link":"https:\/\/singleflap.com\/tr\/product\/bottega-veneta-green-loop-crossbody-bag\/","title":{"rendered":"Bottega Veneta Ye\u015fil Loop Crossbody \u00c7anta"},"content":{"rendered":"<p>Boyutlar: U 17 x Y 12 x D 6 cm, 100% Deri, Ye\u015fil renk<\/p>","protected":false},"excerpt":{"rendered":"<p>\u00c7ok iyi durumda<\/p>","protected":false},"featured_media":17140,"comment_status":"open","ping_status":"closed","template":"","meta":{"om_disable_all_campaigns":false,"_monsterinsights_skip_tracking":false,"_monsterinsights_sitenote_active":false,"_monsterinsights_sitenote_note":"","_monsterinsights_sitenote_category":0},"product_brand":[],"product_cat":[396],"product_tag":[705,708,707,584,501,500],"class_list":{"0":"post-17055","1":"product","2":"type-product","3":"status-publish","4":"has-post-thumbnail","6":"product_cat-crossbody-bags","7":"product_tag-bags","8":"product_tag-bottega-veneta","9":"product_tag-crossbody","10":"product_tag-leather","11":"product_tag-luxury","12":"product_tag-pre-owned","14":"first","15":"instock","16":"taxable","17":"shipping-taxable","18":"purchasable","19":"product-type-simple"},"aioseo_notices":[],"_links":{"self":[{"href":"https:\/\/singleflap.com\/tr\/wp-json\/wp\/v2\/product\/17055","targetHints":{"allow":["GET"]}}],"collection":[{"href":"https:\/\/singleflap.com\/tr\/wp-json\/wp\/v2\/product"}],"about":[{"href":"https:\/\/singleflap.com\/tr\/wp-json\/wp\/v2\/types\/product"}],"replies":[{"embeddable":true,"href":"https:\/\/singleflap.com\/tr\/wp-json\/wp\/v2\/comments?post=17055"}],"wp:featuredmedia":[{"embeddable":true,"href":"https:\/\/singleflap.com\/tr\/wp-json\/wp\/v2\/media\/17140"}],"wp:attachment":[{"href":"https:\/\/singleflap.com\/tr\/wp-json\/wp\/v2\/media?parent=17055"}],"wp:term":[{"taxonomy":"product_brand","embeddable":true,"href":"https:\/\/singleflap.com\/tr\/wp-json\/wp\/v2\/product_brand?post=17055"},{"taxonomy":"product_cat","embeddable":true,"href":"https:\/\/singleflap.com\/tr\/wp-json\/wp\/v2\/product_cat?post=17055"},{"taxonomy":"product_tag","embeddable":true,"href":"https:\/\/singleflap.com\/tr\/wp-json\/wp\/v2\/product_tag?post=17055"}],"curies":[{"name":"wp","href":"https:\/\/api.w.org\/{rel}","templated":true}]}}