{"id":17053,"date":"2026-03-08T21:01:06","date_gmt":"2026-03-08T21:01:06","guid":{"rendered":"https:\/\/singleflap.com\/product\/hermes-bride-a-brac-large-cavas-bag\/"},"modified":"2026-03-08T21:49:57","modified_gmt":"2026-03-08T21:49:57","slug":"hermes-bride-a-brac-large-cavas-bag","status":"publish","type":"product","link":"https:\/\/singleflap.com\/tr\/product\/hermes-bride-a-brac-large-cavas-bag\/","title":{"rendered":"Hermes Gelin E\u015fyas\u0131 B\u00fcy\u00fck Kanvas \u00c7anta"},"content":{"rendered":"<p>Dimensions: L 25 x H 13 x D 15\u00a0cm, 100% Cotton Orange color<\/p>","protected":false},"excerpt":{"rendered":"<p>\u00c7ok iyi durumda<\/p>","protected":false},"featured_media":17110,"comment_status":"open","ping_status":"closed","template":"","meta":{"om_disable_all_campaigns":false,"_monsterinsights_skip_tracking":false,"_monsterinsights_sitenote_active":false,"_monsterinsights_sitenote_note":"","_monsterinsights_sitenote_category":0},"product_brand":[],"product_cat":[397],"product_tag":[705,706,451,501,500],"class_list":{"0":"post-17053","1":"product","2":"type-product","3":"status-publish","4":"has-post-thumbnail","6":"product_cat-totes","7":"product_tag-bags","8":"product_tag-canvas","9":"product_tag-hermes","10":"product_tag-luxury","11":"product_tag-pre-owned","13":"first","14":"instock","15":"taxable","16":"shipping-taxable","17":"purchasable","18":"product-type-simple"},"aioseo_notices":[],"_links":{"self":[{"href":"https:\/\/singleflap.com\/tr\/wp-json\/wp\/v2\/product\/17053","targetHints":{"allow":["GET"]}}],"collection":[{"href":"https:\/\/singleflap.com\/tr\/wp-json\/wp\/v2\/product"}],"about":[{"href":"https:\/\/singleflap.com\/tr\/wp-json\/wp\/v2\/types\/product"}],"replies":[{"embeddable":true,"href":"https:\/\/singleflap.com\/tr\/wp-json\/wp\/v2\/comments?post=17053"}],"wp:featuredmedia":[{"embeddable":true,"href":"https:\/\/singleflap.com\/tr\/wp-json\/wp\/v2\/media\/17110"}],"wp:attachment":[{"href":"https:\/\/singleflap.com\/tr\/wp-json\/wp\/v2\/media?parent=17053"}],"wp:term":[{"taxonomy":"product_brand","embeddable":true,"href":"https:\/\/singleflap.com\/tr\/wp-json\/wp\/v2\/product_brand?post=17053"},{"taxonomy":"product_cat","embeddable":true,"href":"https:\/\/singleflap.com\/tr\/wp-json\/wp\/v2\/product_cat?post=17053"},{"taxonomy":"product_tag","embeddable":true,"href":"https:\/\/singleflap.com\/tr\/wp-json\/wp\/v2\/product_tag?post=17053"}],"curies":[{"name":"wp","href":"https:\/\/api.w.org\/{rel}","templated":true}]}}