{"id":16797,"date":"2026-03-08T15:10:57","date_gmt":"2026-03-08T15:10:57","guid":{"rendered":"https:\/\/singleflap.com\/?post_type=product&#038;p=16797"},"modified":"2026-03-10T21:25:49","modified_gmt":"2026-03-10T21:25:49","slug":"zimmermann-ruffled-lace-maxi-dress","status":"publish","type":"product","link":"https:\/\/singleflap.com\/tr\/product\/zimmermann-ruffled-lace-maxi-dress\/","title":{"rendered":"Zimmermann F\u0131rf\u0131rl\u0131 Dantel Maksi Elbise"},"content":{"rendered":"<p><span style=\"color: #000000; font-family: Helvetica Neue; font-size: small;\">Zimmermann ecru ruffled and lace-trimmed maxi dress, size 0, chest width 44 cm, length 134 cm, hip 48 cm. 100% Polyester.<\/span><\/p>","protected":false},"excerpt":{"rendered":"<p>\u00c7ok iyi durumda<\/p>","protected":false},"featured_media":16070,"comment_status":"open","ping_status":"closed","template":"","meta":{"om_disable_all_campaigns":false,"_monsterinsights_skip_tracking":false,"_monsterinsights_sitenote_active":false,"_monsterinsights_sitenote_note":"","_monsterinsights_sitenote_category":0},"product_brand":[],"product_cat":[437],"product_tag":[613,430,611,615,614,612],"class_list":{"0":"post-16797","1":"product","2":"type-product","3":"status-publish","4":"has-post-thumbnail","6":"product_cat-dresses","7":"product_tag-zimmerman-ecru-dress","8":"product_tag-zimmermann","9":"product_tag-zimmermann-dress","10":"product_tag-zimmermann-ekru-elbise","11":"product_tag-zimmermann-elbise","12":"product_tag-zimmermann-white-dress","14":"first","15":"instock","16":"taxable","17":"shipping-taxable","18":"purchasable","19":"product-type-simple"},"aioseo_notices":[],"_links":{"self":[{"href":"https:\/\/singleflap.com\/tr\/wp-json\/wp\/v2\/product\/16797","targetHints":{"allow":["GET"]}}],"collection":[{"href":"https:\/\/singleflap.com\/tr\/wp-json\/wp\/v2\/product"}],"about":[{"href":"https:\/\/singleflap.com\/tr\/wp-json\/wp\/v2\/types\/product"}],"replies":[{"embeddable":true,"href":"https:\/\/singleflap.com\/tr\/wp-json\/wp\/v2\/comments?post=16797"}],"wp:featuredmedia":[{"embeddable":true,"href":"https:\/\/singleflap.com\/tr\/wp-json\/wp\/v2\/media\/16070"}],"wp:attachment":[{"href":"https:\/\/singleflap.com\/tr\/wp-json\/wp\/v2\/media?parent=16797"}],"wp:term":[{"taxonomy":"product_brand","embeddable":true,"href":"https:\/\/singleflap.com\/tr\/wp-json\/wp\/v2\/product_brand?post=16797"},{"taxonomy":"product_cat","embeddable":true,"href":"https:\/\/singleflap.com\/tr\/wp-json\/wp\/v2\/product_cat?post=16797"},{"taxonomy":"product_tag","embeddable":true,"href":"https:\/\/singleflap.com\/tr\/wp-json\/wp\/v2\/product_tag?post=16797"}],"curies":[{"name":"wp","href":"https:\/\/api.w.org\/{rel}","templated":true}]}}