{"id":16795,"date":"2026-03-08T15:02:50","date_gmt":"2026-03-08T15:02:50","guid":{"rendered":"https:\/\/singleflap.com\/?post_type=product&#038;p=16795"},"modified":"2026-03-08T15:02:50","modified_gmt":"2026-03-08T15:02:50","slug":"christian-dior-pearl-button-jacket","status":"publish","type":"product","link":"https:\/\/singleflap.com\/tr\/product\/christian-dior-pearl-button-jacket\/","title":{"rendered":"Christian Dior \u0130nci D\u00fc\u011fmeli Ceket"},"content":{"rendered":"<p><span style=\"color: #000000; font-family: Helvetica Neue; font-size: small;\">Christian Dior pearl-button jacket, size FR 44, chest width 54 cm, length 56.5 cm, sleeve length 56 cm. 70% Wool, 23% Cotton, 7% Polyamide.<\/span><\/p>","protected":false},"excerpt":{"rendered":"<p>\u00c7ok iyi durumda<\/p>","protected":false},"featured_media":16508,"comment_status":"open","ping_status":"closed","template":"","meta":{"om_disable_all_campaigns":false,"_monsterinsights_skip_tracking":false,"_monsterinsights_sitenote_active":false,"_monsterinsights_sitenote_note":"","_monsterinsights_sitenote_category":0},"product_brand":[],"product_cat":[407],"product_tag":[603,604,602,606,605],"class_list":{"0":"post-16795","1":"product","2":"type-product","3":"status-publish","4":"has-post-thumbnail","6":"product_cat-clothing","7":"product_tag-christian-dior-ceket","8":"product_tag-christian-dior-jacket","9":"product_tag-dior-ceket","10":"product_tag-dior-ecru-jacket","11":"product_tag-dior-jacket","13":"first","14":"instock","15":"taxable","16":"shipping-taxable","17":"purchasable","18":"product-type-simple"},"aioseo_notices":[],"_links":{"self":[{"href":"https:\/\/singleflap.com\/tr\/wp-json\/wp\/v2\/product\/16795","targetHints":{"allow":["GET"]}}],"collection":[{"href":"https:\/\/singleflap.com\/tr\/wp-json\/wp\/v2\/product"}],"about":[{"href":"https:\/\/singleflap.com\/tr\/wp-json\/wp\/v2\/types\/product"}],"replies":[{"embeddable":true,"href":"https:\/\/singleflap.com\/tr\/wp-json\/wp\/v2\/comments?post=16795"}],"wp:featuredmedia":[{"embeddable":true,"href":"https:\/\/singleflap.com\/tr\/wp-json\/wp\/v2\/media\/16508"}],"wp:attachment":[{"href":"https:\/\/singleflap.com\/tr\/wp-json\/wp\/v2\/media?parent=16795"}],"wp:term":[{"taxonomy":"product_brand","embeddable":true,"href":"https:\/\/singleflap.com\/tr\/wp-json\/wp\/v2\/product_brand?post=16795"},{"taxonomy":"product_cat","embeddable":true,"href":"https:\/\/singleflap.com\/tr\/wp-json\/wp\/v2\/product_cat?post=16795"},{"taxonomy":"product_tag","embeddable":true,"href":"https:\/\/singleflap.com\/tr\/wp-json\/wp\/v2\/product_tag?post=16795"}],"curies":[{"name":"wp","href":"https:\/\/api.w.org\/{rel}","templated":true}]}}