{"id":16792,"date":"2026-03-08T14:50:47","date_gmt":"2026-03-08T14:50:47","guid":{"rendered":"https:\/\/singleflap.com\/?post_type=product&#038;p=16792"},"modified":"2026-03-08T14:56:21","modified_gmt":"2026-03-08T14:56:21","slug":"chanel-tweed-jacket-skirt-two-piece-set","status":"publish","type":"product","link":"https:\/\/singleflap.com\/tr\/product\/chanel-tweed-jacket-skirt-two-piece-set\/","title":{"rendered":"Chanel T\u00fcvit Ceket Etek \u0130ki Par\u00e7al\u0131 Tak\u0131m"},"content":{"rendered":"<p><span style=\"color: #000000; font-family: Helvetica Neue; font-size: small;\">Chanel pembe t\u00fcvit ceket ve etek iki par\u00e7al\u0131 tak\u0131m. Ceket bedeni FR 36, g\u00f6\u011f\u00fcs geni\u015fli\u011fi 43 cm, uzunluk 53 cm, kol uzunlu\u011fu 55 cm. Etek bedeni FR 36, bel 34 cm, uzunluk 59 cm. 90% Y\u00fcn, 5% Poliamid, 5% Tiftik.<\/span><\/p>","protected":false},"excerpt":{"rendered":"<p>Chanel pembe t\u00fcvit ceket ve etek iki par\u00e7al\u0131 tak\u0131m. Ceket bedeni FR 36, g\u00f6\u011f\u00fcs geni\u015fli\u011fi 43 cm, uzunluk 53 cm, kol uzunlu\u011fu 55 cm. Etek bedeni FR 36, bel 34 cm, uzunluk 59 cm. 90% Y\u00fcn, 5% Poliamid, 5% Tiftik.<\/p>","protected":false},"featured_media":16191,"comment_status":"open","ping_status":"closed","template":"","meta":{"om_disable_all_campaigns":false,"_monsterinsights_skip_tracking":false,"_monsterinsights_sitenote_active":false,"_monsterinsights_sitenote_note":"","_monsterinsights_sitenote_category":0},"product_brand":[],"product_cat":[407],"product_tag":[434,592,591,594,595,593,590],"class_list":{"0":"post-16792","1":"product","2":"type-product","3":"status-publish","4":"has-post-thumbnail","6":"product_cat-clothing","7":"product_tag-chanel","8":"product_tag-chanel-ceket","9":"product_tag-chanel-jacket","10":"product_tag-chanel-pembe-ceket","11":"product_tag-chanel-pink-jacket","12":"product_tag-chanel-takim","13":"product_tag-tweed","15":"first","16":"instock","17":"taxable","18":"shipping-taxable","19":"purchasable","20":"product-type-simple"},"aioseo_notices":[],"_links":{"self":[{"href":"https:\/\/singleflap.com\/tr\/wp-json\/wp\/v2\/product\/16792","targetHints":{"allow":["GET"]}}],"collection":[{"href":"https:\/\/singleflap.com\/tr\/wp-json\/wp\/v2\/product"}],"about":[{"href":"https:\/\/singleflap.com\/tr\/wp-json\/wp\/v2\/types\/product"}],"replies":[{"embeddable":true,"href":"https:\/\/singleflap.com\/tr\/wp-json\/wp\/v2\/comments?post=16792"}],"wp:featuredmedia":[{"embeddable":true,"href":"https:\/\/singleflap.com\/tr\/wp-json\/wp\/v2\/media\/16191"}],"wp:attachment":[{"href":"https:\/\/singleflap.com\/tr\/wp-json\/wp\/v2\/media?parent=16792"}],"wp:term":[{"taxonomy":"product_brand","embeddable":true,"href":"https:\/\/singleflap.com\/tr\/wp-json\/wp\/v2\/product_brand?post=16792"},{"taxonomy":"product_cat","embeddable":true,"href":"https:\/\/singleflap.com\/tr\/wp-json\/wp\/v2\/product_cat?post=16792"},{"taxonomy":"product_tag","embeddable":true,"href":"https:\/\/singleflap.com\/tr\/wp-json\/wp\/v2\/product_tag?post=16792"}],"curies":[{"name":"wp","href":"https:\/\/api.w.org\/{rel}","templated":true}]}}