{"id":16712,"date":"2026-03-07T19:06:44","date_gmt":"2026-03-07T19:06:44","guid":{"rendered":"https:\/\/singleflap.com\/product\/chanel-zip-front-short-tweed-jacket\/"},"modified":"2026-03-10T21:24:09","modified_gmt":"2026-03-10T21:24:09","slug":"chanel-zip-front-short-tweed-jacket","status":"publish","type":"product","link":"https:\/\/singleflap.com\/tr\/product\/chanel-zip-front-short-tweed-jacket\/","title":{"rendered":"Chanel \u00d6n\u00fc Fermuarl\u0131 K\u0131sa T\u00fcvit Ceket"},"content":{"rendered":"<p>Chanel black zip-front short tweed jacket, size FR 38, chest width 47 cm, length 54 cm, sleeve length 31 cm. 100% Wool.<\/p>","protected":false},"excerpt":{"rendered":"<p>M\u00fckemmel ikinci el durumu<\/p>","protected":false},"featured_media":16715,"comment_status":"open","ping_status":"closed","template":"","meta":{"om_disable_all_campaigns":false,"_monsterinsights_skip_tracking":false,"_monsterinsights_sitenote_active":false,"_monsterinsights_sitenote_note":"","_monsterinsights_sitenote_category":0},"product_brand":[],"product_cat":[435],"product_tag":[434,498,501,500,522],"class_list":{"0":"post-16712","1":"product","2":"type-product","3":"status-publish","4":"has-post-thumbnail","6":"product_cat-coats-jackets","7":"product_tag-chanel","8":"product_tag-jackets-coats","9":"product_tag-luxury","10":"product_tag-pre-owned","11":"product_tag-tuvit","13":"first","14":"instock","15":"taxable","16":"shipping-taxable","17":"purchasable","18":"product-type-simple"},"aioseo_notices":[],"_links":{"self":[{"href":"https:\/\/singleflap.com\/tr\/wp-json\/wp\/v2\/product\/16712","targetHints":{"allow":["GET"]}}],"collection":[{"href":"https:\/\/singleflap.com\/tr\/wp-json\/wp\/v2\/product"}],"about":[{"href":"https:\/\/singleflap.com\/tr\/wp-json\/wp\/v2\/types\/product"}],"replies":[{"embeddable":true,"href":"https:\/\/singleflap.com\/tr\/wp-json\/wp\/v2\/comments?post=16712"}],"wp:featuredmedia":[{"embeddable":true,"href":"https:\/\/singleflap.com\/tr\/wp-json\/wp\/v2\/media\/16715"}],"wp:attachment":[{"href":"https:\/\/singleflap.com\/tr\/wp-json\/wp\/v2\/media?parent=16712"}],"wp:term":[{"taxonomy":"product_brand","embeddable":true,"href":"https:\/\/singleflap.com\/tr\/wp-json\/wp\/v2\/product_brand?post=16712"},{"taxonomy":"product_cat","embeddable":true,"href":"https:\/\/singleflap.com\/tr\/wp-json\/wp\/v2\/product_cat?post=16712"},{"taxonomy":"product_tag","embeddable":true,"href":"https:\/\/singleflap.com\/tr\/wp-json\/wp\/v2\/product_tag?post=16712"}],"curies":[{"name":"wp","href":"https:\/\/api.w.org\/{rel}","templated":true}]}}