{"id":16708,"date":"2026-03-07T19:06:44","date_gmt":"2026-03-07T19:06:44","guid":{"rendered":"https:\/\/singleflap.com\/product\/dolce-gabbana-buttoned-wool-cardigan\/"},"modified":"2026-03-08T14:01:39","modified_gmt":"2026-03-08T14:01:39","slug":"dolce-gabbana-buttoned-wool-cardigan","status":"publish","type":"product","link":"https:\/\/singleflap.com\/tr\/product\/dolce-gabbana-buttoned-wool-cardigan\/","title":{"rendered":"Dolce &amp; Gabbana D\u00fc\u011fmeli Y\u00fcn H\u0131rka"},"content":{"rendered":"<p>Dolce &amp; Gabbana buttoned wool cardigan, size IT 40, chest width 51 cm, length 80 cm, sleeve length 64 cm. 83% Wool, 17% Polyamide.<\/p>","protected":false},"excerpt":{"rendered":"<p>M\u00fckemmel ikinci el durumu<\/p>","protected":false},"featured_media":16483,"comment_status":"open","ping_status":"closed","template":"","meta":{"om_disable_all_campaigns":false,"_monsterinsights_skip_tracking":false,"_monsterinsights_sitenote_active":false,"_monsterinsights_sitenote_note":"","_monsterinsights_sitenote_category":0},"product_brand":[],"product_cat":[518],"product_tag":[563,519,501,500],"class_list":{"0":"post-16708","1":"product","2":"type-product","3":"status-publish","4":"has-post-thumbnail","6":"product_cat-knitwear","7":"product_tag-dolce-gabbana","8":"product_tag-knitwear","9":"product_tag-luxury","10":"product_tag-pre-owned","12":"first","13":"instock","14":"taxable","15":"shipping-taxable","16":"purchasable","17":"product-type-simple"},"aioseo_notices":[],"_links":{"self":[{"href":"https:\/\/singleflap.com\/tr\/wp-json\/wp\/v2\/product\/16708","targetHints":{"allow":["GET"]}}],"collection":[{"href":"https:\/\/singleflap.com\/tr\/wp-json\/wp\/v2\/product"}],"about":[{"href":"https:\/\/singleflap.com\/tr\/wp-json\/wp\/v2\/types\/product"}],"replies":[{"embeddable":true,"href":"https:\/\/singleflap.com\/tr\/wp-json\/wp\/v2\/comments?post=16708"}],"wp:featuredmedia":[{"embeddable":true,"href":"https:\/\/singleflap.com\/tr\/wp-json\/wp\/v2\/media\/16483"}],"wp:attachment":[{"href":"https:\/\/singleflap.com\/tr\/wp-json\/wp\/v2\/media?parent=16708"}],"wp:term":[{"taxonomy":"product_brand","embeddable":true,"href":"https:\/\/singleflap.com\/tr\/wp-json\/wp\/v2\/product_brand?post=16708"},{"taxonomy":"product_cat","embeddable":true,"href":"https:\/\/singleflap.com\/tr\/wp-json\/wp\/v2\/product_cat?post=16708"},{"taxonomy":"product_tag","embeddable":true,"href":"https:\/\/singleflap.com\/tr\/wp-json\/wp\/v2\/product_tag?post=16708"}],"curies":[{"name":"wp","href":"https:\/\/api.w.org\/{rel}","templated":true}]}}