{"id":16704,"date":"2026-03-07T19:06:44","date_gmt":"2026-03-07T19:06:44","guid":{"rendered":"https:\/\/singleflap.com\/product\/saint-laurent-ostrich-feather-trim-knit-top\/"},"modified":"2026-03-07T19:14:39","modified_gmt":"2026-03-07T19:14:39","slug":"saint-laurent-ostrich-feather-trim-knit-top","status":"publish","type":"product","link":"https:\/\/singleflap.com\/tr\/product\/saint-laurent-ostrich-feather-trim-knit-top\/","title":{"rendered":"Saint Laurent Deveku\u015fu T\u00fcy\u00fc S\u00fcslemeli \u00d6rg\u00fc \u00dcst"},"content":{"rendered":"<p>Saint Laurent black ostrich feather-trimmed knit top, size M, chest width 37 cm, length 50 cm, sleeve length 40 cm. 81% Viscose, 18% Polyamide, 1% Elastane.<\/p>","protected":false},"excerpt":{"rendered":"<p>M\u00fckemmel ikinci el durumu<\/p>","protected":false},"featured_media":16442,"comment_status":"open","ping_status":"closed","template":"","meta":{"om_disable_all_campaigns":false,"_monsterinsights_skip_tracking":false,"_monsterinsights_sitenote_active":false,"_monsterinsights_sitenote_note":"","_monsterinsights_sitenote_category":0},"product_brand":[],"product_cat":[518],"product_tag":[519,501,500,562],"class_list":{"0":"post-16704","1":"product","2":"type-product","3":"status-publish","4":"has-post-thumbnail","6":"product_cat-knitwear","7":"product_tag-knitwear","8":"product_tag-luxury","9":"product_tag-pre-owned","10":"product_tag-saint-laurent","12":"first","13":"instock","14":"taxable","15":"shipping-taxable","16":"purchasable","17":"product-type-simple"},"aioseo_notices":[],"_links":{"self":[{"href":"https:\/\/singleflap.com\/tr\/wp-json\/wp\/v2\/product\/16704","targetHints":{"allow":["GET"]}}],"collection":[{"href":"https:\/\/singleflap.com\/tr\/wp-json\/wp\/v2\/product"}],"about":[{"href":"https:\/\/singleflap.com\/tr\/wp-json\/wp\/v2\/types\/product"}],"replies":[{"embeddable":true,"href":"https:\/\/singleflap.com\/tr\/wp-json\/wp\/v2\/comments?post=16704"}],"wp:featuredmedia":[{"embeddable":true,"href":"https:\/\/singleflap.com\/tr\/wp-json\/wp\/v2\/media\/16442"}],"wp:attachment":[{"href":"https:\/\/singleflap.com\/tr\/wp-json\/wp\/v2\/media?parent=16704"}],"wp:term":[{"taxonomy":"product_brand","embeddable":true,"href":"https:\/\/singleflap.com\/tr\/wp-json\/wp\/v2\/product_brand?post=16704"},{"taxonomy":"product_cat","embeddable":true,"href":"https:\/\/singleflap.com\/tr\/wp-json\/wp\/v2\/product_cat?post=16704"},{"taxonomy":"product_tag","embeddable":true,"href":"https:\/\/singleflap.com\/tr\/wp-json\/wp\/v2\/product_tag?post=16704"}],"curies":[{"name":"wp","href":"https:\/\/api.w.org\/{rel}","templated":true}]}}