{"id":16703,"date":"2026-03-07T19:06:44","date_gmt":"2026-03-07T19:06:44","guid":{"rendered":"https:\/\/singleflap.com\/product\/givenchy-ruffle-sleeve-silk-blouse\/"},"modified":"2026-03-07T19:13:33","modified_gmt":"2026-03-07T19:13:33","slug":"givenchy-ruffle-sleeve-silk-blouse","status":"publish","type":"product","link":"https:\/\/singleflap.com\/tr\/product\/givenchy-ruffle-sleeve-silk-blouse\/","title":{"rendered":"Givenchy F\u0131rf\u0131r Kollu \u0130pek Bluz"},"content":{"rendered":"<p>Givenchy red ruffle-sleeve silk blouse, size IT 36, chest width 47 cm, length 65 cm, sleeve length 60 cm. 100% Silk.<\/p>","protected":false},"excerpt":{"rendered":"<p>M\u00fckemmel ikinci el durumu<\/p>","protected":false},"featured_media":16433,"comment_status":"open","ping_status":"closed","template":"","meta":{"om_disable_all_campaigns":false,"_monsterinsights_skip_tracking":false,"_monsterinsights_sitenote_active":false,"_monsterinsights_sitenote_note":"","_monsterinsights_sitenote_category":0},"product_brand":[],"product_cat":[514],"product_tag":[561,501,500,516],"class_list":{"0":"post-16703","1":"product","2":"type-product","3":"status-publish","4":"has-post-thumbnail","6":"product_cat-tops-blouses","7":"product_tag-givenchy","8":"product_tag-luxury","9":"product_tag-pre-owned","10":"product_tag-tops-blouses","12":"first","13":"instock","14":"taxable","15":"shipping-taxable","16":"purchasable","17":"product-type-simple"},"aioseo_notices":[],"_links":{"self":[{"href":"https:\/\/singleflap.com\/tr\/wp-json\/wp\/v2\/product\/16703","targetHints":{"allow":["GET"]}}],"collection":[{"href":"https:\/\/singleflap.com\/tr\/wp-json\/wp\/v2\/product"}],"about":[{"href":"https:\/\/singleflap.com\/tr\/wp-json\/wp\/v2\/types\/product"}],"replies":[{"embeddable":true,"href":"https:\/\/singleflap.com\/tr\/wp-json\/wp\/v2\/comments?post=16703"}],"wp:featuredmedia":[{"embeddable":true,"href":"https:\/\/singleflap.com\/tr\/wp-json\/wp\/v2\/media\/16433"}],"wp:attachment":[{"href":"https:\/\/singleflap.com\/tr\/wp-json\/wp\/v2\/media?parent=16703"}],"wp:term":[{"taxonomy":"product_brand","embeddable":true,"href":"https:\/\/singleflap.com\/tr\/wp-json\/wp\/v2\/product_brand?post=16703"},{"taxonomy":"product_cat","embeddable":true,"href":"https:\/\/singleflap.com\/tr\/wp-json\/wp\/v2\/product_cat?post=16703"},{"taxonomy":"product_tag","embeddable":true,"href":"https:\/\/singleflap.com\/tr\/wp-json\/wp\/v2\/product_tag?post=16703"}],"curies":[{"name":"wp","href":"https:\/\/api.w.org\/{rel}","templated":true}]}}