{"id":16698,"date":"2026-03-07T19:06:43","date_gmt":"2026-03-07T19:06:43","guid":{"rendered":"https:\/\/singleflap.com\/product\/prada-ostrich-feather-trim-silk-blouse\/"},"modified":"2026-03-07T19:41:24","modified_gmt":"2026-03-07T19:41:24","slug":"prada-ostrich-feather-trim-silk-blouse","status":"publish","type":"product","link":"https:\/\/singleflap.com\/tr\/product\/prada-ostrich-feather-trim-silk-blouse\/","title":{"rendered":"Prada Deveku\u015fu T\u00fcy\u00fc S\u00fcslemeli \u0130pek Bluz"},"content":{"rendered":"<p>Prada ostrich feather-trimmed black silk blouse, size IT 40, chest width 50 cm, length 70 cm, sleeve length 60 cm. 100% Silk with detachable 100% ostrich feather trim.<\/p>","protected":false},"excerpt":{"rendered":"<p>M\u00fckemmel ikinci el durumu<\/p>","protected":false},"featured_media":16385,"comment_status":"open","ping_status":"closed","template":"","meta":{"om_disable_all_campaigns":false,"_monsterinsights_skip_tracking":false,"_monsterinsights_sitenote_active":false,"_monsterinsights_sitenote_note":"","_monsterinsights_sitenote_category":0},"product_brand":[],"product_cat":[514],"product_tag":[501,560,500,516],"class_list":{"0":"post-16698","1":"product","2":"type-product","3":"status-publish","4":"has-post-thumbnail","6":"product_cat-tops-blouses","7":"product_tag-luxury","8":"product_tag-prada","9":"product_tag-pre-owned","10":"product_tag-tops-blouses","12":"first","13":"instock","14":"taxable","15":"shipping-taxable","16":"purchasable","17":"product-type-simple"},"aioseo_notices":[],"_links":{"self":[{"href":"https:\/\/singleflap.com\/tr\/wp-json\/wp\/v2\/product\/16698","targetHints":{"allow":["GET"]}}],"collection":[{"href":"https:\/\/singleflap.com\/tr\/wp-json\/wp\/v2\/product"}],"about":[{"href":"https:\/\/singleflap.com\/tr\/wp-json\/wp\/v2\/types\/product"}],"replies":[{"embeddable":true,"href":"https:\/\/singleflap.com\/tr\/wp-json\/wp\/v2\/comments?post=16698"}],"wp:featuredmedia":[{"embeddable":true,"href":"https:\/\/singleflap.com\/tr\/wp-json\/wp\/v2\/media\/16385"}],"wp:attachment":[{"href":"https:\/\/singleflap.com\/tr\/wp-json\/wp\/v2\/media?parent=16698"}],"wp:term":[{"taxonomy":"product_brand","embeddable":true,"href":"https:\/\/singleflap.com\/tr\/wp-json\/wp\/v2\/product_brand?post=16698"},{"taxonomy":"product_cat","embeddable":true,"href":"https:\/\/singleflap.com\/tr\/wp-json\/wp\/v2\/product_cat?post=16698"},{"taxonomy":"product_tag","embeddable":true,"href":"https:\/\/singleflap.com\/tr\/wp-json\/wp\/v2\/product_tag?post=16698"}],"curies":[{"name":"wp","href":"https:\/\/api.w.org\/{rel}","templated":true}]}}