{"id":16693,"date":"2026-03-07T19:06:43","date_gmt":"2026-03-07T19:06:43","guid":{"rendered":"https:\/\/singleflap.com\/product\/miu-miu-floral-bead-embellished-denim-trousers\/"},"modified":"2026-03-10T21:31:19","modified_gmt":"2026-03-10T21:31:19","slug":"miu-miu-floral-bead-embellished-denim-trousers","status":"publish","type":"product","link":"https:\/\/singleflap.com\/tr\/product\/miu-miu-floral-bead-embellished-denim-trousers\/","title":{"rendered":"Miu Miu \u00c7i\u00e7ek ve Boncuk \u0130\u015flemeli Kot Pantolon"},"content":{"rendered":"<p>Miu Miu floral and bead-embellished denim trousers, size 28, waist 40.5 cm, length 105 cm. 100% Cotton.<\/p>","protected":false},"excerpt":{"rendered":"<p>M\u00fckemmel ikinci el durumu<\/p>","protected":false},"featured_media":16339,"comment_status":"open","ping_status":"closed","template":"","meta":{"om_disable_all_campaigns":false,"_monsterinsights_skip_tracking":false,"_monsterinsights_sitenote_active":false,"_monsterinsights_sitenote_note":"","_monsterinsights_sitenote_category":0},"product_brand":[],"product_cat":[439],"product_tag":[557,501,527,500,556],"class_list":{"0":"post-16693","1":"product","2":"type-product","3":"status-publish","4":"has-post-thumbnail","6":"product_cat-trousers","7":"product_tag-denim","8":"product_tag-luxury","9":"product_tag-miu-miu","10":"product_tag-pre-owned","11":"product_tag-trousers-shorts","13":"first","14":"instock","15":"taxable","16":"shipping-taxable","17":"purchasable","18":"product-type-simple"},"aioseo_notices":[],"_links":{"self":[{"href":"https:\/\/singleflap.com\/tr\/wp-json\/wp\/v2\/product\/16693","targetHints":{"allow":["GET"]}}],"collection":[{"href":"https:\/\/singleflap.com\/tr\/wp-json\/wp\/v2\/product"}],"about":[{"href":"https:\/\/singleflap.com\/tr\/wp-json\/wp\/v2\/types\/product"}],"replies":[{"embeddable":true,"href":"https:\/\/singleflap.com\/tr\/wp-json\/wp\/v2\/comments?post=16693"}],"wp:featuredmedia":[{"embeddable":true,"href":"https:\/\/singleflap.com\/tr\/wp-json\/wp\/v2\/media\/16339"}],"wp:attachment":[{"href":"https:\/\/singleflap.com\/tr\/wp-json\/wp\/v2\/media?parent=16693"}],"wp:term":[{"taxonomy":"product_brand","embeddable":true,"href":"https:\/\/singleflap.com\/tr\/wp-json\/wp\/v2\/product_brand?post=16693"},{"taxonomy":"product_cat","embeddable":true,"href":"https:\/\/singleflap.com\/tr\/wp-json\/wp\/v2\/product_cat?post=16693"},{"taxonomy":"product_tag","embeddable":true,"href":"https:\/\/singleflap.com\/tr\/wp-json\/wp\/v2\/product_tag?post=16693"}],"curies":[{"name":"wp","href":"https:\/\/api.w.org\/{rel}","templated":true}]}}