{"id":16686,"date":"2026-03-07T19:06:41","date_gmt":"2026-03-07T19:06:41","guid":{"rendered":"https:\/\/singleflap.com\/product\/balmain-gold-button-knit-jumper\/"},"modified":"2026-03-07T20:10:30","modified_gmt":"2026-03-07T20:10:30","slug":"balmain-gold-button-knit-jumper","status":"publish","type":"product","link":"https:\/\/singleflap.com\/tr\/product\/balmain-gold-button-knit-jumper\/","title":{"rendered":"Balmain Alt\u0131n D\u00fc\u011fmeli \u00d6rg\u00fc Kazak"},"content":{"rendered":"<p>Balmain ecru gold-button knit jumper, size S, chest width 44 cm, length 61 cm, sleeve length 22 cm. 95% Viscose, 5% Elastane.<\/p>","protected":false},"excerpt":{"rendered":"<p>M\u00fckemmel ikinci el durumu<\/p>","protected":false},"featured_media":16273,"comment_status":"open","ping_status":"closed","template":"","meta":{"om_disable_all_campaigns":false,"_monsterinsights_skip_tracking":false,"_monsterinsights_sitenote_active":false,"_monsterinsights_sitenote_note":"","_monsterinsights_sitenote_category":0},"product_brand":[],"product_cat":[518],"product_tag":[528,519,501,500],"class_list":{"0":"post-16686","1":"product","2":"type-product","3":"status-publish","4":"has-post-thumbnail","6":"product_cat-knitwear","7":"product_tag-balmain","8":"product_tag-knitwear","9":"product_tag-luxury","10":"product_tag-pre-owned","12":"first","13":"instock","14":"taxable","15":"shipping-taxable","16":"purchasable","17":"product-type-simple"},"aioseo_notices":[],"_links":{"self":[{"href":"https:\/\/singleflap.com\/tr\/wp-json\/wp\/v2\/product\/16686","targetHints":{"allow":["GET"]}}],"collection":[{"href":"https:\/\/singleflap.com\/tr\/wp-json\/wp\/v2\/product"}],"about":[{"href":"https:\/\/singleflap.com\/tr\/wp-json\/wp\/v2\/types\/product"}],"replies":[{"embeddable":true,"href":"https:\/\/singleflap.com\/tr\/wp-json\/wp\/v2\/comments?post=16686"}],"wp:featuredmedia":[{"embeddable":true,"href":"https:\/\/singleflap.com\/tr\/wp-json\/wp\/v2\/media\/16273"}],"wp:attachment":[{"href":"https:\/\/singleflap.com\/tr\/wp-json\/wp\/v2\/media?parent=16686"}],"wp:term":[{"taxonomy":"product_brand","embeddable":true,"href":"https:\/\/singleflap.com\/tr\/wp-json\/wp\/v2\/product_brand?post=16686"},{"taxonomy":"product_cat","embeddable":true,"href":"https:\/\/singleflap.com\/tr\/wp-json\/wp\/v2\/product_cat?post=16686"},{"taxonomy":"product_tag","embeddable":true,"href":"https:\/\/singleflap.com\/tr\/wp-json\/wp\/v2\/product_tag?post=16686"}],"curies":[{"name":"wp","href":"https:\/\/api.w.org\/{rel}","templated":true}]}}