{"id":16679,"date":"2026-03-07T19:06:41","date_gmt":"2026-03-07T19:06:41","guid":{"rendered":"https:\/\/singleflap.com\/product\/chanel-cc-button-cashmere-cardigan\/"},"modified":"2026-03-08T14:09:37","modified_gmt":"2026-03-08T14:09:37","slug":"chanel-cc-button-cashmere-cardigan","status":"publish","type":"product","link":"https:\/\/singleflap.com\/tr\/product\/chanel-cc-button-cashmere-cardigan\/","title":{"rendered":"Chanel CC D\u00fc\u011fmeli Ka\u015fmir H\u0131rka"},"content":{"rendered":"<p>Chanel multicolour tweed-effect CC button cashmere cardigan, size FR 34, chest width 45 cm, length 58 cm, sleeve length 66 cm. 86% Cashmere, 8% Silk, 3% Polyamide, 3% Mohair.<\/p>","protected":false},"excerpt":{"rendered":"<p>M\u00fckemmel ikinci el durumu<\/p>","protected":false},"featured_media":16208,"comment_status":"open","ping_status":"closed","template":"","meta":{"om_disable_all_campaigns":false,"_monsterinsights_skip_tracking":false,"_monsterinsights_sitenote_active":false,"_monsterinsights_sitenote_note":"","_monsterinsights_sitenote_category":0},"product_brand":[],"product_cat":[518],"product_tag":[434,520,519,501,500],"class_list":{"0":"post-16679","1":"product","2":"type-product","3":"status-publish","4":"has-post-thumbnail","6":"product_cat-knitwear","7":"product_tag-chanel","8":"product_tag-kasmir","9":"product_tag-knitwear","10":"product_tag-luxury","11":"product_tag-pre-owned","13":"first","14":"instock","15":"taxable","16":"shipping-taxable","17":"purchasable","18":"product-type-simple"},"aioseo_notices":[],"_links":{"self":[{"href":"https:\/\/singleflap.com\/tr\/wp-json\/wp\/v2\/product\/16679","targetHints":{"allow":["GET"]}}],"collection":[{"href":"https:\/\/singleflap.com\/tr\/wp-json\/wp\/v2\/product"}],"about":[{"href":"https:\/\/singleflap.com\/tr\/wp-json\/wp\/v2\/types\/product"}],"replies":[{"embeddable":true,"href":"https:\/\/singleflap.com\/tr\/wp-json\/wp\/v2\/comments?post=16679"}],"wp:featuredmedia":[{"embeddable":true,"href":"https:\/\/singleflap.com\/tr\/wp-json\/wp\/v2\/media\/16208"}],"wp:attachment":[{"href":"https:\/\/singleflap.com\/tr\/wp-json\/wp\/v2\/media?parent=16679"}],"wp:term":[{"taxonomy":"product_brand","embeddable":true,"href":"https:\/\/singleflap.com\/tr\/wp-json\/wp\/v2\/product_brand?post=16679"},{"taxonomy":"product_cat","embeddable":true,"href":"https:\/\/singleflap.com\/tr\/wp-json\/wp\/v2\/product_cat?post=16679"},{"taxonomy":"product_tag","embeddable":true,"href":"https:\/\/singleflap.com\/tr\/wp-json\/wp\/v2\/product_tag?post=16679"}],"curies":[{"name":"wp","href":"https:\/\/api.w.org\/{rel}","templated":true}]}}