{"id":16670,"date":"2026-03-07T19:06:40","date_gmt":"2026-03-07T19:06:40","guid":{"rendered":"https:\/\/singleflap.com\/product\/zimmermann-print-detail-silk-shirt\/"},"modified":"2026-03-08T14:16:04","modified_gmt":"2026-03-08T14:16:04","slug":"zimmermann-print-detail-silk-shirt","status":"publish","type":"product","link":"https:\/\/singleflap.com\/tr\/product\/zimmermann-print-detail-silk-shirt\/","title":{"rendered":"Zimmermann \u00c7i\u00e7ek Desenli \u0130pek G\u00f6mlek"},"content":{"rendered":"<p>Zimmermann beige eye print silk shirt with extra scarf trim, size 0, chest width 48 cm, length 61 cm, sleeve length 68 cm. 100% Silk.<\/p>","protected":false},"excerpt":{"rendered":"<p>M\u00fckemmel ikinci el durumu<\/p>","protected":false},"featured_media":16059,"comment_status":"open","ping_status":"closed","template":"","meta":{"om_disable_all_campaigns":false,"_monsterinsights_skip_tracking":false,"_monsterinsights_sitenote_active":false,"_monsterinsights_sitenote_note":"","_monsterinsights_sitenote_category":0},"product_brand":[],"product_cat":[514],"product_tag":[501,500,516,430],"class_list":{"0":"post-16670","1":"product","2":"type-product","3":"status-publish","4":"has-post-thumbnail","6":"product_cat-tops-blouses","7":"product_tag-luxury","8":"product_tag-pre-owned","9":"product_tag-tops-blouses","10":"product_tag-zimmermann","12":"first","13":"instock","14":"taxable","15":"shipping-taxable","16":"purchasable","17":"product-type-simple"},"aioseo_notices":[],"_links":{"self":[{"href":"https:\/\/singleflap.com\/tr\/wp-json\/wp\/v2\/product\/16670","targetHints":{"allow":["GET"]}}],"collection":[{"href":"https:\/\/singleflap.com\/tr\/wp-json\/wp\/v2\/product"}],"about":[{"href":"https:\/\/singleflap.com\/tr\/wp-json\/wp\/v2\/types\/product"}],"replies":[{"embeddable":true,"href":"https:\/\/singleflap.com\/tr\/wp-json\/wp\/v2\/comments?post=16670"}],"wp:featuredmedia":[{"embeddable":true,"href":"https:\/\/singleflap.com\/tr\/wp-json\/wp\/v2\/media\/16059"}],"wp:attachment":[{"href":"https:\/\/singleflap.com\/tr\/wp-json\/wp\/v2\/media?parent=16670"}],"wp:term":[{"taxonomy":"product_brand","embeddable":true,"href":"https:\/\/singleflap.com\/tr\/wp-json\/wp\/v2\/product_brand?post=16670"},{"taxonomy":"product_cat","embeddable":true,"href":"https:\/\/singleflap.com\/tr\/wp-json\/wp\/v2\/product_cat?post=16670"},{"taxonomy":"product_tag","embeddable":true,"href":"https:\/\/singleflap.com\/tr\/wp-json\/wp\/v2\/product_tag?post=16670"}],"curies":[{"name":"wp","href":"https:\/\/api.w.org\/{rel}","templated":true}]}}