{"id":16664,"date":"2026-03-07T19:06:40","date_gmt":"2026-03-07T19:06:40","guid":{"rendered":"https:\/\/singleflap.com\/product\/louis-vuitton-monogram-slim-silk-jacket\/"},"modified":"2026-03-10T21:24:32","modified_gmt":"2026-03-10T21:24:32","slug":"louis-vuitton-monogram-slim-ipek-ceket","status":"publish","type":"product","link":"https:\/\/singleflap.com\/tr\/product\/louis-vuitton-monogram-slim-silk-jacket\/","title":{"rendered":"Louis Vuitton Monogram \u0130pek Ceket"},"content":{"rendered":"<p>Louis Vuitton pembe monogram bask\u0131l\u0131 ince ipek ceket, FR 34 beden, g\u00f6\u011f\u00fcs geni\u015fli\u011fi 54 cm, uzunluk 55 cm, kol uzunlu\u011fu 54 cm. 100% \u0130pek.<\/p>","protected":false},"excerpt":{"rendered":"<p>M\u00fckemmel ikinci el durumu<\/p>","protected":false},"featured_media":15985,"comment_status":"open","ping_status":"closed","template":"","meta":{"om_disable_all_campaigns":false,"_monsterinsights_skip_tracking":false,"_monsterinsights_sitenote_active":false,"_monsterinsights_sitenote_note":"","_monsterinsights_sitenote_category":0},"product_brand":[],"product_cat":[435],"product_tag":[498,442,501,499,500],"class_list":{"0":"post-16664","1":"product","2":"type-product","3":"status-publish","4":"has-post-thumbnail","6":"product_cat-coats-jackets","7":"product_tag-jackets-coats","8":"product_tag-louis-vuitton","9":"product_tag-luxury","10":"product_tag-monogram","11":"product_tag-pre-owned","13":"first","14":"instock","15":"taxable","16":"shipping-taxable","17":"purchasable","18":"product-type-simple"},"aioseo_notices":[],"_links":{"self":[{"href":"https:\/\/singleflap.com\/tr\/wp-json\/wp\/v2\/product\/16664","targetHints":{"allow":["GET"]}}],"collection":[{"href":"https:\/\/singleflap.com\/tr\/wp-json\/wp\/v2\/product"}],"about":[{"href":"https:\/\/singleflap.com\/tr\/wp-json\/wp\/v2\/types\/product"}],"replies":[{"embeddable":true,"href":"https:\/\/singleflap.com\/tr\/wp-json\/wp\/v2\/comments?post=16664"}],"wp:featuredmedia":[{"embeddable":true,"href":"https:\/\/singleflap.com\/tr\/wp-json\/wp\/v2\/media\/15985"}],"wp:attachment":[{"href":"https:\/\/singleflap.com\/tr\/wp-json\/wp\/v2\/media?parent=16664"}],"wp:term":[{"taxonomy":"product_brand","embeddable":true,"href":"https:\/\/singleflap.com\/tr\/wp-json\/wp\/v2\/product_brand?post=16664"},{"taxonomy":"product_cat","embeddable":true,"href":"https:\/\/singleflap.com\/tr\/wp-json\/wp\/v2\/product_cat?post=16664"},{"taxonomy":"product_tag","embeddable":true,"href":"https:\/\/singleflap.com\/tr\/wp-json\/wp\/v2\/product_tag?post=16664"}],"curies":[{"name":"wp","href":"https:\/\/api.w.org\/{rel}","templated":true}]}}