{"id":15537,"date":"2026-02-18T20:29:12","date_gmt":"2026-02-18T20:29:12","guid":{"rendered":"https:\/\/singleflap.com\/product\/zimmermann-cicek-desen-ipek-maksi-elbise\/"},"modified":"2026-03-08T14:23:47","modified_gmt":"2026-03-08T14:23:47","slug":"zimmermann-cicek-desen-ipek-maksi-elbise","status":"publish","type":"product","link":"https:\/\/singleflap.com\/tr\/product\/zimmermann-cicek-desen-ipek-maksi-elbise\/","title":{"rendered":"Zimmermann \u00c7i\u00e7ek Desenli \u0130pek Elbise"},"content":{"rendered":"<p>Brand: Zimmermann<br \/>\nDurum: \u00c7ok iyi durumda<br \/>\nMalzeme 100% \u0130pek<\/p>","protected":false},"excerpt":{"rendered":"<p>Zimmermann - 100% \u0130pek<\/p>","protected":false},"featured_media":15845,"comment_status":"open","ping_status":"closed","template":"","meta":{"om_disable_all_campaigns":false,"_monsterinsights_skip_tracking":false,"_monsterinsights_sitenote_active":false,"_monsterinsights_sitenote_note":"","_monsterinsights_sitenote_category":0},"product_brand":[],"product_cat":[437],"product_tag":[426,431,430],"class_list":{"0":"post-15537","1":"product","2":"type-product","3":"status-publish","4":"has-post-thumbnail","6":"product_cat-dresses","7":"product_tag-cok-iyi","8":"product_tag-cok-renkli","9":"product_tag-zimmermann","11":"first","12":"instock","13":"sold-individually","14":"taxable","15":"shipping-taxable","16":"purchasable","17":"product-type-simple"},"aioseo_notices":[],"_links":{"self":[{"href":"https:\/\/singleflap.com\/tr\/wp-json\/wp\/v2\/product\/15537","targetHints":{"allow":["GET"]}}],"collection":[{"href":"https:\/\/singleflap.com\/tr\/wp-json\/wp\/v2\/product"}],"about":[{"href":"https:\/\/singleflap.com\/tr\/wp-json\/wp\/v2\/types\/product"}],"replies":[{"embeddable":true,"href":"https:\/\/singleflap.com\/tr\/wp-json\/wp\/v2\/comments?post=15537"}],"wp:featuredmedia":[{"embeddable":true,"href":"https:\/\/singleflap.com\/tr\/wp-json\/wp\/v2\/media\/15845"}],"wp:attachment":[{"href":"https:\/\/singleflap.com\/tr\/wp-json\/wp\/v2\/media?parent=15537"}],"wp:term":[{"taxonomy":"product_brand","embeddable":true,"href":"https:\/\/singleflap.com\/tr\/wp-json\/wp\/v2\/product_brand?post=15537"},{"taxonomy":"product_cat","embeddable":true,"href":"https:\/\/singleflap.com\/tr\/wp-json\/wp\/v2\/product_cat?post=15537"},{"taxonomy":"product_tag","embeddable":true,"href":"https:\/\/singleflap.com\/tr\/wp-json\/wp\/v2\/product_tag?post=15537"}],"curies":[{"name":"wp","href":"https:\/\/api.w.org\/{rel}","templated":true}]}}