{"id":15528,"date":"2026-02-18T20:29:12","date_gmt":"2026-02-18T20:29:12","guid":{"rendered":"https:\/\/singleflap.com\/product\/gucci-gg-logo-inci-dugmeli-yun-ceket\/"},"modified":"2026-03-12T21:10:03","modified_gmt":"2026-03-12T21:10:03","slug":"gucci-gg-logo-inci-dugmeli-yun-ceket","status":"publish","type":"product","link":"https:\/\/singleflap.com\/tr\/product\/gucci-gg-logo-inci-dugmeli-yun-ceket\/","title":{"rendered":"Gucci GG Logolu \u0130nci D\u00fc\u011fmeli Y\u00fcn Ceket"},"content":{"rendered":"<p>Brand: Gucci<br \/>\nDurum: \u00c7ok iyi durumda<br \/>\nMaterial: 100% Wool<\/p>","protected":false},"excerpt":{"rendered":"<p>Gucci \u2013 0% Y\u00fcn<\/p>","protected":false},"featured_media":15697,"comment_status":"open","ping_status":"closed","template":"","meta":{"om_disable_all_campaigns":false,"_monsterinsights_skip_tracking":false,"_monsterinsights_sitenote_active":false,"_monsterinsights_sitenote_note":"","_monsterinsights_sitenote_category":0},"product_brand":[],"product_cat":[435],"product_tag":[426,425,436],"class_list":{"0":"post-15528","1":"product","2":"type-product","3":"status-publish","4":"has-post-thumbnail","6":"product_cat-coats-jackets","7":"product_tag-cok-iyi","8":"product_tag-gucci","9":"product_tag-siyah","11":"first","12":"instock","13":"sold-individually","14":"taxable","15":"shipping-taxable","16":"purchasable","17":"product-type-simple"},"aioseo_notices":[],"_links":{"self":[{"href":"https:\/\/singleflap.com\/tr\/wp-json\/wp\/v2\/product\/15528","targetHints":{"allow":["GET"]}}],"collection":[{"href":"https:\/\/singleflap.com\/tr\/wp-json\/wp\/v2\/product"}],"about":[{"href":"https:\/\/singleflap.com\/tr\/wp-json\/wp\/v2\/types\/product"}],"replies":[{"embeddable":true,"href":"https:\/\/singleflap.com\/tr\/wp-json\/wp\/v2\/comments?post=15528"}],"wp:featuredmedia":[{"embeddable":true,"href":"https:\/\/singleflap.com\/tr\/wp-json\/wp\/v2\/media\/15697"}],"wp:attachment":[{"href":"https:\/\/singleflap.com\/tr\/wp-json\/wp\/v2\/media?parent=15528"}],"wp:term":[{"taxonomy":"product_brand","embeddable":true,"href":"https:\/\/singleflap.com\/tr\/wp-json\/wp\/v2\/product_brand?post=15528"},{"taxonomy":"product_cat","embeddable":true,"href":"https:\/\/singleflap.com\/tr\/wp-json\/wp\/v2\/product_cat?post=15528"},{"taxonomy":"product_tag","embeddable":true,"href":"https:\/\/singleflap.com\/tr\/wp-json\/wp\/v2\/product_tag?post=15528"}],"curies":[{"name":"wp","href":"https:\/\/api.w.org\/{rel}","templated":true}]}}