{"id":15514,"date":"2026-02-18T20:29:11","date_gmt":"2026-02-18T20:29:11","guid":{"rendered":"https:\/\/singleflap.com\/product\/zimmermann-cicek-desen-transparan-bluz\/"},"modified":"2026-03-08T14:24:32","modified_gmt":"2026-03-08T14:24:32","slug":"zimmermann-cicek-desen-transparan-bluz","status":"publish","type":"product","link":"https:\/\/singleflap.com\/tr\/product\/zimmermann-cicek-desen-transparan-bluz\/","title":{"rendered":"Zimmermann \u00c7i\u00e7ek Desenli \u015eeffaf Bluz"},"content":{"rendered":"<p>Brand: Zimmermann<br \/>\nDurum: \u00c7ok iyi durumda<br \/>\nMaterial: 51% Linen 49% Silk<\/p>","protected":false},"excerpt":{"rendered":"<p>Zimmermann - 51% Keten 49% \u0130pek<\/p>","protected":false},"featured_media":15827,"comment_status":"open","ping_status":"closed","template":"","meta":{"om_disable_all_campaigns":false,"_monsterinsights_skip_tracking":false,"_monsterinsights_sitenote_active":false,"_monsterinsights_sitenote_note":"","_monsterinsights_sitenote_category":0},"product_brand":[],"product_cat":[424],"product_tag":[426,431,430],"class_list":{"0":"post-15514","1":"product","2":"type-product","3":"status-publish","4":"has-post-thumbnail","6":"product_cat-tops-jumpers","7":"product_tag-cok-iyi","8":"product_tag-cok-renkli","9":"product_tag-zimmermann","11":"first","12":"instock","13":"sold-individually","14":"taxable","15":"shipping-taxable","16":"purchasable","17":"product-type-simple"},"aioseo_notices":[],"_links":{"self":[{"href":"https:\/\/singleflap.com\/tr\/wp-json\/wp\/v2\/product\/15514","targetHints":{"allow":["GET"]}}],"collection":[{"href":"https:\/\/singleflap.com\/tr\/wp-json\/wp\/v2\/product"}],"about":[{"href":"https:\/\/singleflap.com\/tr\/wp-json\/wp\/v2\/types\/product"}],"replies":[{"embeddable":true,"href":"https:\/\/singleflap.com\/tr\/wp-json\/wp\/v2\/comments?post=15514"}],"wp:featuredmedia":[{"embeddable":true,"href":"https:\/\/singleflap.com\/tr\/wp-json\/wp\/v2\/media\/15827"}],"wp:attachment":[{"href":"https:\/\/singleflap.com\/tr\/wp-json\/wp\/v2\/media?parent=15514"}],"wp:term":[{"taxonomy":"product_brand","embeddable":true,"href":"https:\/\/singleflap.com\/tr\/wp-json\/wp\/v2\/product_brand?post=15514"},{"taxonomy":"product_cat","embeddable":true,"href":"https:\/\/singleflap.com\/tr\/wp-json\/wp\/v2\/product_cat?post=15514"},{"taxonomy":"product_tag","embeddable":true,"href":"https:\/\/singleflap.com\/tr\/wp-json\/wp\/v2\/product_tag?post=15514"}],"curies":[{"name":"wp","href":"https:\/\/api.w.org\/{rel}","templated":true}]}}