{"id":9,"date":"2024-08-13T11:36:32","date_gmt":"2024-08-13T11:36:32","guid":{"rendered":"https:\/\/www.taharilove.com\/cart\/"},"modified":"2025-01-13T16:21:53","modified_gmt":"2025-01-13T16:21:53","slug":"araba","status":"publish","type":"page","link":"https:\/\/singleflap.com\/tr\/cart\/","title":{"rendered":"Sepet"},"content":{"rendered":"<div data-block-name=\"woocommerce\/cart\" class=\"wp-block-woocommerce-cart alignwide is-loading\">\n<div data-block-name=\"woocommerce\/filled-cart-block\" class=\"wp-block-woocommerce-filled-cart-block\">\n<div data-block-name=\"woocommerce\/cart-items-block\" class=\"wp-block-woocommerce-cart-items-block\">\n<div data-block-name=\"woocommerce\/cart-line-items-block\" class=\"wp-block-woocommerce-cart-line-items-block\"><\/div>\n\n\n\n<div data-block-name=\"woocommerce\/cart-cross-sells-block\" class=\"wp-block-woocommerce-cart-cross-sells-block\">\n<h2 class=\"wp-block-heading has-large-font-size\">\u0130lginizi \u00e7ekebilir...<\/h2>\n\n\n\n<div data-block-name=\"woocommerce\/cart-cross-sells-products-block\" class=\"wp-block-woocommerce-cart-cross-sells-products-block\"><\/div>\n<\/div>\n<\/div>\n\n\n\n<div data-block-name=\"woocommerce\/cart-totals-block\" class=\"wp-block-woocommerce-cart-totals-block\">\n<div data-block-name=\"woocommerce\/cart-order-summary-block\" class=\"wp-block-woocommerce-cart-order-summary-block\">\n<div data-block-name=\"woocommerce\/cart-order-summary-heading-block\" class=\"wp-block-woocommerce-cart-order-summary-heading-block\"><\/div><div data-block-name=\"woocommerce\/cart-order-summary-coupon-form-block\" class=\"wp-block-woocommerce-cart-order-summary-coupon-form-block\"><\/div><div data-block-name=\"woocommerce\/cart-order-summary-totals-block\" class=\"wp-block-woocommerce-cart-order-summary-totals-block\">\n<div data-block-name=\"woocommerce\/cart-order-summary-subtotal-block\" class=\"wp-block-woocommerce-cart-order-summary-subtotal-block\"><\/div>\n<div data-block-name=\"woocommerce\/cart-order-summary-discount-block\" class=\"wp-block-woocommerce-cart-order-summary-discount-block\"><\/div>\n<div data-block-name=\"woocommerce\/cart-order-summary-fee-block\" class=\"wp-block-woocommerce-cart-order-summary-fee-block\"><\/div>\n<div data-block-name=\"woocommerce\/cart-order-summary-shipping-block\" class=\"wp-block-woocommerce-cart-order-summary-shipping-block\"><\/div>\n<div data-block-name=\"woocommerce\/cart-order-summary-taxes-block\" class=\"wp-block-woocommerce-cart-order-summary-taxes-block\"><\/div><\/div>\n<\/div>\n\n\n\n<div data-block-name=\"woocommerce\/cart-express-payment-block\" class=\"wp-block-woocommerce-cart-express-payment-block\"><\/div>\n\n\n\n<div data-block-name=\"woocommerce\/proceed-to-checkout-block\" class=\"wp-block-woocommerce-proceed-to-checkout-block\"><\/div>\n\n\n\n<div data-block-name=\"woocommerce\/cart-accepted-payment-methods-block\" class=\"wp-block-woocommerce-cart-accepted-payment-methods-block\"><\/div>\n<\/div>\n<\/div>\n\n\n\n<div data-block-name=\"woocommerce\/empty-cart-block\" class=\"wp-block-woocommerce-empty-cart-block\">\n<h2 class=\"wp-block-heading has-text-align-center with-empty-cart-icon wc-block-cart__empty-cart__title\">Sepetiniz \u015fu anda bo\u015f!<\/h2>\n\n\n\n<hr class=\"wp-block-separator has-alpha-channel-opacity is-style-dots\"\/>\n\n\n\n<h2 class=\"wp-block-heading has-text-align-center\">Ma\u011fazada yeni<\/h2>\n\n\n<div data-block-name=\"woocommerce\/product-new\" data-columns=\"4\" data-rows=\"1\" class=\"wc-block-grid wp-block-product-new wp-block-woocommerce-product-new wc-block-product-new has-4-columns\"><ul class=\"wc-block-grid__products\"><li class=\"wc-block-grid__product\"><a href=\"https:\/\/singleflap.com\/tr\/product\/yves-salomon-army-fur-trimmed-parka\/\" class=\"wc-block-grid__product-link\">\n\t\t\t\t\t\n\t\t\t\t\t<div class=\"wc-block-grid__product-image\"><img fetchpriority=\"high\" decoding=\"async\" width=\"450\" height=\"600\" src=\"https:\/\/singleflap.com\/wp-content\/uploads\/2026\/03\/IMG_7225-450x600.jpg\" class=\"attachment-woocommerce_thumbnail size-woocommerce_thumbnail\" alt=\"Yves Salomon Army K\u00fcrk Detayl\u0131 Parka\" srcset=\"https:\/\/singleflap.com\/wp-content\/uploads\/2026\/03\/IMG_7225-450x600.jpg 450w, https:\/\/singleflap.com\/wp-content\/uploads\/2026\/03\/IMG_7225-225x300.jpg 225w, https:\/\/singleflap.com\/wp-content\/uploads\/2026\/03\/IMG_7225-768x1024.jpg 768w, https:\/\/singleflap.com\/wp-content\/uploads\/2026\/03\/IMG_7225-1152x1536.jpg 1152w, https:\/\/singleflap.com\/wp-content\/uploads\/2026\/03\/IMG_7225-1536x2048.jpg 1536w, https:\/\/singleflap.com\/wp-content\/uploads\/2026\/03\/IMG_7225-9x12.jpg 9w, https:\/\/singleflap.com\/wp-content\/uploads\/2026\/03\/IMG_7225-113x150.jpg 113w, https:\/\/singleflap.com\/wp-content\/uploads\/2026\/03\/IMG_7225-1320x1760.jpg 1320w, https:\/\/singleflap.com\/wp-content\/uploads\/2026\/03\/IMG_7225-900x1200.jpg 900w, https:\/\/singleflap.com\/wp-content\/uploads\/2026\/03\/IMG_7225-scaled.jpg 1920w\" sizes=\"(max-width: 450px) 100vw, 450px\" \/><\/div>\n\t\t\t\t\t<div class=\"wc-block-grid__product-title\">Yves Salomon Army K\u00fcrk Detayl\u0131 Parka<\/div>\n\t\t\t\t<\/a>\n\t\t\t\t<div class=\"wc-block-grid__product-price price\"><span class=\"woocs_price_code\" data-currency=\"\" data-redraw-id=\"69d2271405cb6\" data-product-id=\"20102\"><span class=\"woocommerce-Price-amount amount\">40.000,00<span class=\"woocommerce-Price-currencySymbol\">\u20ba<\/span><\/span><\/span><\/div>\n\t\t\t\t\n\t\t\t\t<div class=\"wp-block-button wc-block-grid__product-add-to-cart\"><a href=\"\/tr\/wp-json\/wp\/v2\/pages\/9?add-to-cart=20102\" aria-label=\"Sepete ekle: \u201cYves Salomon Army Fur-Trimmed Parka\u201d\" data-quantity=\"1\" data-product_id=\"20102\" data-product_sku=\"SF-SLMN-002\" data-price=\"40000\" rel=\"nofollow\" class=\"wp-block-button__link  add_to_cart_button ajax_add_to_cart\" data-no-translation=\"\" data-trp-gettext=\"\" data-no-translation-aria-label=\"\">Sepete Ekle<\/a><\/div>\n\t\t\t<\/li><li class=\"wc-block-grid__product\"><a href=\"https:\/\/singleflap.com\/tr\/product\/moncler-grenoble-soullans-giubbotto-jacket\/\" class=\"wc-block-grid__product-link\">\n\t\t\t\t\t\n\t\t\t\t\t<div class=\"wc-block-grid__product-image\"><img decoding=\"async\" width=\"450\" height=\"600\" src=\"https:\/\/singleflap.com\/wp-content\/uploads\/2026\/03\/IMG_7237-450x600.jpg\" class=\"attachment-woocommerce_thumbnail size-woocommerce_thumbnail\" alt=\"Moncler Grenoble Soullans Giubbotto Ceket\" srcset=\"https:\/\/singleflap.com\/wp-content\/uploads\/2026\/03\/IMG_7237-450x600.jpg 450w, https:\/\/singleflap.com\/wp-content\/uploads\/2026\/03\/IMG_7237-225x300.jpg 225w, https:\/\/singleflap.com\/wp-content\/uploads\/2026\/03\/IMG_7237-768x1024.jpg 768w, https:\/\/singleflap.com\/wp-content\/uploads\/2026\/03\/IMG_7237-1152x1536.jpg 1152w, https:\/\/singleflap.com\/wp-content\/uploads\/2026\/03\/IMG_7237-1536x2048.jpg 1536w, https:\/\/singleflap.com\/wp-content\/uploads\/2026\/03\/IMG_7237-9x12.jpg 9w, https:\/\/singleflap.com\/wp-content\/uploads\/2026\/03\/IMG_7237-113x150.jpg 113w, https:\/\/singleflap.com\/wp-content\/uploads\/2026\/03\/IMG_7237-1320x1760.jpg 1320w, https:\/\/singleflap.com\/wp-content\/uploads\/2026\/03\/IMG_7237-900x1200.jpg 900w, https:\/\/singleflap.com\/wp-content\/uploads\/2026\/03\/IMG_7237-scaled.jpg 1920w\" sizes=\"(max-width: 450px) 100vw, 450px\" \/><\/div>\n\t\t\t\t\t<div class=\"wc-block-grid__product-title\">Moncler Grenoble Soullans Giubbotto Ceket<\/div>\n\t\t\t\t<\/a>\n\t\t\t\t<div class=\"wc-block-grid__product-price price\"><span class=\"woocs_price_code\" data-currency=\"\" data-redraw-id=\"69d2271408914\" data-product-id=\"20101\"><span class=\"woocommerce-Price-amount amount\">10.000,00<span class=\"woocommerce-Price-currencySymbol\">\u20ba<\/span><\/span><\/span><\/div>\n\t\t\t\t\n\t\t\t\t<div class=\"wp-block-button wc-block-grid__product-add-to-cart\"><a href=\"\/tr\/wp-json\/wp\/v2\/pages\/9?add-to-cart=20101\" aria-label=\"Sepete ekle: \u201cMoncler Grenoble Soullans Giubbotto Jacket\u201d\" data-quantity=\"1\" data-product_id=\"20101\" data-product_sku=\"SF-MNC-003\" data-price=\"10000\" rel=\"nofollow\" class=\"wp-block-button__link  add_to_cart_button ajax_add_to_cart\" data-no-translation=\"\" data-trp-gettext=\"\" data-no-translation-aria-label=\"\">Sepete Ekle<\/a><\/div>\n\t\t\t<\/li><li class=\"wc-block-grid__product\"><a href=\"https:\/\/singleflap.com\/tr\/product\/prada-logo-ecru-raincoat\/\" class=\"wc-block-grid__product-link\">\n\t\t\t\t\t\n\t\t\t\t\t<div class=\"wc-block-grid__product-image\"><img decoding=\"async\" width=\"450\" height=\"600\" src=\"https:\/\/singleflap.com\/wp-content\/uploads\/2026\/03\/IMG_7252-450x600.jpg\" class=\"attachment-woocommerce_thumbnail size-woocommerce_thumbnail\" alt=\"Prada Logolu Ekru Tren\u00e7kot\" srcset=\"https:\/\/singleflap.com\/wp-content\/uploads\/2026\/03\/IMG_7252-450x600.jpg 450w, https:\/\/singleflap.com\/wp-content\/uploads\/2026\/03\/IMG_7252-225x300.jpg 225w, https:\/\/singleflap.com\/wp-content\/uploads\/2026\/03\/IMG_7252-768x1024.jpg 768w, https:\/\/singleflap.com\/wp-content\/uploads\/2026\/03\/IMG_7252-1152x1536.jpg 1152w, https:\/\/singleflap.com\/wp-content\/uploads\/2026\/03\/IMG_7252-1536x2048.jpg 1536w, https:\/\/singleflap.com\/wp-content\/uploads\/2026\/03\/IMG_7252-9x12.jpg 9w, https:\/\/singleflap.com\/wp-content\/uploads\/2026\/03\/IMG_7252-113x150.jpg 113w, https:\/\/singleflap.com\/wp-content\/uploads\/2026\/03\/IMG_7252-1320x1760.jpg 1320w, https:\/\/singleflap.com\/wp-content\/uploads\/2026\/03\/IMG_7252-900x1200.jpg 900w, https:\/\/singleflap.com\/wp-content\/uploads\/2026\/03\/IMG_7252-scaled.jpg 1920w\" sizes=\"(max-width: 450px) 100vw, 450px\" \/><\/div>\n\t\t\t\t\t<div class=\"wc-block-grid__product-title\">Prada Logolu Ekru Tren\u00e7kot<\/div>\n\t\t\t\t<\/a>\n\t\t\t\t<div class=\"wc-block-grid__product-price price\"><span class=\"woocs_price_code\" data-currency=\"\" data-redraw-id=\"69d227140a165\" data-product-id=\"20100\"><span class=\"woocommerce-Price-amount amount\">18.000,00<span class=\"woocommerce-Price-currencySymbol\">\u20ba<\/span><\/span><\/span><\/div>\n\t\t\t\t\n\t\t\t\t<div class=\"wp-block-button wc-block-grid__product-add-to-cart\"><a href=\"\/tr\/wp-json\/wp\/v2\/pages\/9?add-to-cart=20100\" aria-label=\"Sepete ekle: \u201cPrada Logo Ecru Raincoat\u201d\" data-quantity=\"1\" data-product_id=\"20100\" data-product_sku=\"SF-PRD-002\" data-price=\"18000\" rel=\"nofollow\" class=\"wp-block-button__link  add_to_cart_button ajax_add_to_cart\" data-no-translation=\"\" data-trp-gettext=\"\" data-no-translation-aria-label=\"\">Sepete Ekle<\/a><\/div>\n\t\t\t<\/li><li class=\"wc-block-grid__product\"><a href=\"https:\/\/singleflap.com\/tr\/product\/burberry-brit-quilted-blue-puffer-jacket\/\" class=\"wc-block-grid__product-link\">\n\t\t\t\t\t\n\t\t\t\t\t<div class=\"wc-block-grid__product-image\"><img loading=\"lazy\" decoding=\"async\" width=\"450\" height=\"600\" src=\"https:\/\/singleflap.com\/wp-content\/uploads\/2026\/03\/IMG_7264-450x600.jpg\" class=\"attachment-woocommerce_thumbnail size-woocommerce_thumbnail\" alt=\"Burberry Brit Kapitone Mavi Puffer Ceket\" srcset=\"https:\/\/singleflap.com\/wp-content\/uploads\/2026\/03\/IMG_7264-450x600.jpg 450w, https:\/\/singleflap.com\/wp-content\/uploads\/2026\/03\/IMG_7264-225x300.jpg 225w, https:\/\/singleflap.com\/wp-content\/uploads\/2026\/03\/IMG_7264-768x1024.jpg 768w, https:\/\/singleflap.com\/wp-content\/uploads\/2026\/03\/IMG_7264-1152x1536.jpg 1152w, https:\/\/singleflap.com\/wp-content\/uploads\/2026\/03\/IMG_7264-1536x2048.jpg 1536w, https:\/\/singleflap.com\/wp-content\/uploads\/2026\/03\/IMG_7264-9x12.jpg 9w, https:\/\/singleflap.com\/wp-content\/uploads\/2026\/03\/IMG_7264-113x150.jpg 113w, https:\/\/singleflap.com\/wp-content\/uploads\/2026\/03\/IMG_7264-1320x1760.jpg 1320w, https:\/\/singleflap.com\/wp-content\/uploads\/2026\/03\/IMG_7264-900x1200.jpg 900w, https:\/\/singleflap.com\/wp-content\/uploads\/2026\/03\/IMG_7264-scaled.jpg 1920w\" sizes=\"(max-width: 450px) 100vw, 450px\" \/><\/div>\n\t\t\t\t\t<div class=\"wc-block-grid__product-title\">Burberry Brit Kapitone Mavi Puffer Ceket<\/div>\n\t\t\t\t<\/a>\n\t\t\t\t<div class=\"wc-block-grid__product-price price\"><span class=\"woocs_price_code\" data-currency=\"\" data-redraw-id=\"69d227140b8a4\" data-product-id=\"20099\"><span class=\"woocommerce-Price-amount amount\">20.000,00<span class=\"woocommerce-Price-currencySymbol\">\u20ba<\/span><\/span><\/span><\/div>\n\t\t\t\t\n\t\t\t\t<div class=\"wp-block-button wc-block-grid__product-add-to-cart\"><a href=\"\/tr\/wp-json\/wp\/v2\/pages\/9?add-to-cart=20099\" aria-label=\"Sepete ekle: \u201cBurberry Brit Quilted Blue Puffer Jacket\u201d\" data-quantity=\"1\" data-product_id=\"20099\" data-product_sku=\"SF-BUR-001\" data-price=\"20000\" rel=\"nofollow\" class=\"wp-block-button__link  add_to_cart_button ajax_add_to_cart\" data-no-translation=\"\" data-trp-gettext=\"\" data-no-translation-aria-label=\"\">Sepete Ekle<\/a><\/div>\n\t\t\t<\/li><\/ul><\/div><\/div>\n<\/div>","protected":false},"excerpt":{"rendered":"\u0130lginizi \u00e7ekebilir... Sepetiniz \u015fu anda bo\u015f! Ma\u011fazada yeni","protected":false},"author":1,"featured_media":0,"parent":0,"menu_order":0,"comment_status":"closed","ping_status":"closed","template":"","meta":{"om_disable_all_campaigns":false,"_monsterinsights_skip_tracking":false,"_monsterinsights_sitenote_active":false,"_monsterinsights_sitenote_note":"","_monsterinsights_sitenote_category":0,"footnotes":""},"class_list":["post-9","page","type-page","status-publish","hentry"],"aioseo_notices":[],"_hostinger_reach_plugin_has_subscription_block":false,"_hostinger_reach_plugin_is_elementor":false,"_links":{"self":[{"href":"https:\/\/singleflap.com\/tr\/wp-json\/wp\/v2\/pages\/9","targetHints":{"allow":["GET"]}}],"collection":[{"href":"https:\/\/singleflap.com\/tr\/wp-json\/wp\/v2\/pages"}],"about":[{"href":"https:\/\/singleflap.com\/tr\/wp-json\/wp\/v2\/types\/page"}],"author":[{"embeddable":true,"href":"https:\/\/singleflap.com\/tr\/wp-json\/wp\/v2\/users\/1"}],"replies":[{"embeddable":true,"href":"https:\/\/singleflap.com\/tr\/wp-json\/wp\/v2\/comments?post=9"}],"version-history":[{"count":1,"href":"https:\/\/singleflap.com\/tr\/wp-json\/wp\/v2\/pages\/9\/revisions"}],"predecessor-version":[{"id":4199,"href":"https:\/\/singleflap.com\/tr\/wp-json\/wp\/v2\/pages\/9\/revisions\/4199"}],"wp:attachment":[{"href":"https:\/\/singleflap.com\/tr\/wp-json\/wp\/v2\/media?parent=9"}],"curies":[{"name":"wp","href":"https:\/\/api.w.org\/{rel}","templated":true}]}}