{"id":72,"date":"2019-03-17T17:19:40","date_gmt":"2019-03-17T17:19:40","guid":{"rendered":"https:\/\/goya.everthemes.com\/demo-fashion\/?page_id=72"},"modified":"2026-02-16T13:36:10","modified_gmt":"2026-02-16T13:36:10","slug":"sartlar-kosullar","status":"publish","type":"page","link":"https:\/\/singleflap.com\/tr\/terms-conditions\/","title":{"rendered":"Bizimle Sat\u0131\u015f Yap\u0131n"},"content":{"rendered":"<div data-elementor-type=\"wp-page\" data-elementor-id=\"72\" class=\"elementor elementor-72\">\n\t\t\t\t<div class=\"elementor-element elementor-element-5eedd32c e-flex e-con-boxed e-con e-parent\" data-id=\"5eedd32c\" data-element_type=\"container\" data-e-type=\"container\">\n\t\t\t\t\t<div class=\"e-con-inner\">\n\t\t\t\t<div class=\"elementor-element elementor-element-1013276f elementor-widget elementor-widget-text-editor\" data-id=\"1013276f\" data-element_type=\"widget\" data-e-type=\"widget\" data-widget_type=\"text-editor.default\">\n\t\t\t\t<div class=\"elementor-widget-container\">\n\t\t\t\t\t\t\t\t\t<p class=\"s6\"><strong><span class=\"s5\">Nas\u0131l \u00c7al\u0131\u015f\u0131r<\/span><\/strong><\/p><p class=\"s4\">Par\u00e7an\u0131z\u0131 WhatsApp \u00fczerinden payla\u015f\u0131n. Bize marka, model, durum ve nelerin dahil oldu\u011fu gibi \u00f6nemli ayr\u0131nt\u0131larla birlikte net foto\u011fraflar g\u00f6nderin.<\/p><p class=\"s4\">Ekibimiz her ba\u015fvuruyu dikkatle inceler ve m\u00fcmk\u00fcn olan en k\u0131sa s\u00fcrede bir fiyat teklifi sunar.<\/p><p class=\"s4\">Onayland\u0131ktan sonra \u00fcr\u00fcn, sat\u0131\u015f s\u00fcrecinin resmi olarak ba\u015flad\u0131\u011f\u0131 \u0130stanbul depomuza g\u00fcvenli bir \u015fekilde g\u00f6nderilir.<\/p><p class=\"s4\">Profesyonel foto\u011fraflama ve listelemenin ard\u0131ndan, eseriniz singleflap.com'da sunulur ve dijital kanallar\u0131m\u0131zda tan\u0131t\u0131l\u0131r.<\/p><p class=\"s4\">\u00dcr\u00fcn sat\u0131ld\u0131\u011f\u0131nda, \u00f6deme \u00f6nceden anla\u015f\u0131lan fiyat do\u011frultusunda tedarik\u00e7iye aktar\u0131l\u0131r.<\/p>\t\t\t\t\t\t\t\t<\/div>\n\t\t\t\t<\/div>\n\t\t\t\t\t<\/div>\n\t\t\t\t<\/div>\n\t\t\t\t<\/div>","protected":false},"excerpt":{"rendered":"<p>How It Works Share your piece via WhatsApp. Send us clear photos along with key details such as brand, model, condition, and what is included. Our team carefully reviews each submission and provides a price quotation as soon as possible. Once approved, the item is securely shipped to our Istanbul [&hellip;]<\/p>\n","protected":false},"author":1,"featured_media":0,"parent":0,"menu_order":0,"comment_status":"closed","ping_status":"closed","template":"","meta":{"om_disable_all_campaigns":false,"_monsterinsights_skip_tracking":false,"_monsterinsights_sitenote_active":false,"_monsterinsights_sitenote_note":"","_monsterinsights_sitenote_category":0,"footnotes":""},"class_list":["post-72","page","type-page","status-publish","hentry"],"aioseo_notices":[],"_hostinger_reach_plugin_has_subscription_block":false,"_hostinger_reach_plugin_is_elementor":false,"_links":{"self":[{"href":"https:\/\/singleflap.com\/tr\/wp-json\/wp\/v2\/pages\/72","targetHints":{"allow":["GET"]}}],"collection":[{"href":"https:\/\/singleflap.com\/tr\/wp-json\/wp\/v2\/pages"}],"about":[{"href":"https:\/\/singleflap.com\/tr\/wp-json\/wp\/v2\/types\/page"}],"author":[{"embeddable":true,"href":"https:\/\/singleflap.com\/tr\/wp-json\/wp\/v2\/users\/1"}],"replies":[{"embeddable":true,"href":"https:\/\/singleflap.com\/tr\/wp-json\/wp\/v2\/comments?post=72"}],"version-history":[{"count":6,"href":"https:\/\/singleflap.com\/tr\/wp-json\/wp\/v2\/pages\/72\/revisions"}],"predecessor-version":[{"id":15374,"href":"https:\/\/singleflap.com\/tr\/wp-json\/wp\/v2\/pages\/72\/revisions\/15374"}],"wp:attachment":[{"href":"https:\/\/singleflap.com\/tr\/wp-json\/wp\/v2\/media?parent=72"}],"curies":[{"name":"wp","href":"https:\/\/api.w.org\/{rel}","templated":true}]}}