{"id":57,"date":"2019-03-17T15:40:42","date_gmt":"2019-03-17T15:40:42","guid":{"rendered":"https:\/\/goya.everthemes.com\/demo-fashion\/?page_id=57"},"modified":"2026-02-16T14:04:47","modified_gmt":"2026-02-16T14:04:47","slug":"sss","status":"publish","type":"page","link":"https:\/\/singleflap.com\/tr\/faqs\/","title":{"rendered":"SSS"},"content":{"rendered":"<div class=\"wpb-content-wrapper\"><div  class=\"sec_row container-fluid\"><div data-vc-parallax=\"1.5\" data-vc-parallax-image=\"https:\/\/singleflap.com\/wp-content\/uploads\/2025\/12\/hani-izza-86O0KRdf50Y-unsplash-scaled.jpg\" class=\"vc_row wpb_row vc_row-fluid no-padding vc_custom_1766664572674 vc_row-has-fill vc_general vc_parallax vc_parallax-content-moving\"><div class=\"wpb_column vc_column_container vc_col-sm-12 et-light-column vc_col-has-fill\"><div class=\"vc_column-inner  vc_custom_1766663968870\"><div class=\"wpb_wrapper\">\n\t<div class=\"wpb_text_column wpb_content_element\" >\n\t\t<div class=\"wpb_wrapper\">\n\t\t\t<h1 style=\"text-align: center;\"><b data-path-to-node=\"9,0,0\" data-index-in-node=\"0\"><\/b>SingleFlap Asistan\u0131<\/h1>\n\n\t\t<\/div>\n\t<\/div>\n<\/div><\/div><\/div><div class=\"wpb_column vc_column_container vc_col-sm-12 et-light-column\"><div class=\"vc_column-inner\"><div class=\"wpb_wrapper\">\n\t<div class=\"wpb_text_column wpb_content_element\" >\n\t\t<div class=\"wpb_wrapper\">\n\t\t\t<h2 style=\"text-align: center;\">S\u0131k\u00e7a Sorulan Sorular<\/h2>\n\n\t\t<\/div>\n\t<\/div>\n<\/div><\/div><\/div><\/div><\/div><div  class=\"sec_row container-fluid\"><div class=\"vc_row wpb_row vc_row-fluid no-padding vc_custom_1766663540296 vc_row-has-fill\"><div class=\"wpb_column vc_column_container vc_col-sm-12 et-dark-column\"><div class=\"vc_column-inner\"><div class=\"wpb_wrapper\"><div class=\"vc_tta-container\" data-vc-action=\"collapseAll\"><div class=\"vc_general vc_tta vc_tta-accordion vc_tta-o-shape-group vc_tta-controls-align-default vc_tta-o-all-clickable\"><div class=\"vc_tta-panels-container\"><div class=\"vc_tta-panels\"><div class=\"vc_tta-panel vc_active\" id=\"1766660533229-2b695da5-05e2\" data-vc-content=\".vc_tta-panel-body\"><div class=\"vc_tta-panel-heading\"><h4 class=\"vc_tta-panel-title vc_tta-controls-icon-position-left\"><a href=\"#1766660533229-2b695da5-05e2\" data-vc-accordion data-vc-container=\".vc_tta-container\"><span class=\"vc_tta-title-text\">Ger\u00e7ekli\u011fi nas\u0131l do\u011fruluyorsunuz?<\/span><i class=\"vc_tta-controls-icon vc_tta-controls-icon-plus\"><\/i><\/a><\/h4><\/div><div class=\"vc_tta-panel-body\">\n\t<div class=\"wpb_text_column wpb_content_element\" >\n\t\t<div class=\"wpb_wrapper\">\n\t\t\t<p>SingleFlap'ta listelenen t\u00fcm \u00fcr\u00fcnler uzman ekibimiz taraf\u0131ndan dikkatle incelenmektedir. Gerekti\u011finde ek do\u011frulama prosed\u00fcrleri uygulanabilir. Talep \u00fczerine \u00e7anta, ayakkab\u0131 ve aksesuarlar i\u00e7in sertifika d\u00fczenlenebilir.<\/p>\n\n\t\t<\/div>\n\t<\/div>\n<\/div><\/div><div class=\"vc_tta-panel\" id=\"1766660533229-aee92e95-5c06\" data-vc-content=\".vc_tta-panel-body\"><div class=\"vc_tta-panel-heading\"><h4 class=\"vc_tta-panel-title vc_tta-controls-icon-position-left\"><a href=\"#1766660533229-aee92e95-5c06\" data-vc-accordion data-vc-container=\".vc_tta-container\"><span class=\"vc_tta-title-text\"> \u0130ade politikan\u0131z nedir?<\/span><i class=\"vc_tta-controls-icon vc_tta-controls-icon-plus\"><\/i><\/a><\/h4><\/div><div class=\"vc_tta-panel-body\">\n\t<div class=\"wpb_text_column wpb_content_element\" >\n\t\t<div class=\"wpb_wrapper\">\n\t\t\t<p>\u0130ade talepleri duruma g\u00f6re de\u011ferlendirilir. \u00dcr\u00fcn ile a\u00e7\u0131klamas\u0131 aras\u0131nda \u00f6nemli bir tutars\u0131zl\u0131k olmas\u0131 durumunda talepler incelenecektir. T\u00fcm \u00f6l\u00e7\u00fcmler, durum ayr\u0131nt\u0131lar\u0131 ve a\u015f\u0131nma belirtileri her \u00fcr\u00fcn sayfas\u0131nda a\u00e7\u0131k\u00e7a belirtilmi\u015ftir.<\/p>\n\n\t\t<\/div>\n\t<\/div>\n<\/div><\/div><div class=\"vc_tta-panel\" id=\"1766660567109-ec5eeb51-8e02\" data-vc-content=\".vc_tta-panel-body\"><div class=\"vc_tta-panel-heading\"><h4 class=\"vc_tta-panel-title vc_tta-controls-icon-position-left\"><a href=\"#1766660567109-ec5eeb51-8e02\" data-vc-accordion data-vc-container=\".vc_tta-container\"><span class=\"vc_tta-title-text\">\u00dcr\u00fcnleri se\u00e7erken hangi kriterleri kullan\u0131yorsunuz?<\/span><i class=\"vc_tta-controls-icon vc_tta-controls-icon-plus\"><\/i><\/a><\/h4><\/div><div class=\"vc_tta-panel-body\">\n\t<div class=\"wpb_text_column wpb_content_element\" >\n\t\t<div class=\"wpb_wrapper\">\n\t\t\t<p>Single Flap, g\u00fc\u00e7l\u00fc marka de\u011ferine ve y\u00fcksek kondisyon standartlar\u0131na sahip l\u00fcks segment \u00fcr\u00fcnleri se\u00e7erek kabul etmektedir. Her par\u00e7a kalite, estetik ve marka konumland\u0131rmas\u0131na g\u00f6re de\u011ferlendirilir.<\/p>\n\n\t\t<\/div>\n\t<\/div>\n<\/div><\/div><div class=\"vc_tta-panel\" id=\"1766660572842-6d469642-7f7f\" data-vc-content=\".vc_tta-panel-body\"><div class=\"vc_tta-panel-heading\"><h4 class=\"vc_tta-panel-title vc_tta-controls-icon-position-left\"><a href=\"#1766660572842-6d469642-7f7f\" data-vc-accordion data-vc-container=\".vc_tta-container\"><span class=\"vc_tta-title-text\">Konsinye s\u00fcreciniz nas\u0131l i\u015fliyor?<\/span><i class=\"vc_tta-controls-icon vc_tta-controls-icon-plus\"><\/i><\/a><\/h4><\/div><div class=\"vc_tta-panel-body\">\n\t<div class=\"wpb_text_column wpb_content_element\" >\n\t\t<div class=\"wpb_wrapper\">\n\t\t\t<p>Bir \u00f6n de\u011ferlendirmeden sonra, uygun \u00fcr\u00fcnler konsinye olarak kabul edilir. Onaylanan par\u00e7alar profesyonel olarak foto\u011fraflan\u0131r ve dijital tan\u0131t\u0131mla desteklenerek singleflap.com'da yay\u0131nlan\u0131r. \u00dcr\u00fcn sat\u0131ld\u0131\u011f\u0131nda, \u00f6deme \u00f6nceden anla\u015f\u0131lan fiyata g\u00f6re tedarik\u00e7iye aktar\u0131l\u0131r.<\/p>\n\n\t\t<\/div>\n\t<\/div>\n<\/div><\/div><div class=\"vc_tta-panel\" id=\"1766660978781-4a86c4e4-9edb\" data-vc-content=\".vc_tta-panel-body\"><div class=\"vc_tta-panel-heading\"><h4 class=\"vc_tta-panel-title vc_tta-controls-icon-position-left\"><a href=\"#1766660978781-4a86c4e4-9edb\" data-vc-accordion data-vc-container=\".vc_tta-container\"><span class=\"vc_tta-title-text\">Bir showroomunuz var m\u0131?<\/span><i class=\"vc_tta-controls-icon vc_tta-controls-icon-plus\"><\/i><\/a><\/h4><\/div><div class=\"vc_tta-panel-body\">\n\t<div class=\"wpb_text_column wpb_content_element\" >\n\t\t<div class=\"wpb_wrapper\">\n\t\t\t<p>Hay\u0131r. Single Flap yaln\u0131zca bir e-ticaret platformu olarak faaliyet g\u00f6stermektedir. Ziyaret\u00e7ilerimizi yaln\u0131zca resmi web sitemiz \u00fczerinden kabul ediyoruz.<\/p>\n\n\t\t<\/div>\n\t<\/div>\n<\/div><\/div><\/div><\/div><\/div><\/div><\/div><\/div><\/div><\/div><\/div>\n<\/div>","protected":false},"excerpt":{"rendered":"Single Flap Assistance Frequently Asked Questions How do you verify authenticity? All items listed on Single Flap are carefully examined by our expert team. Additional verification procedures may be applied when necessary. Upon request, certification can be arranged for bags, shoes, and accessories. What is your return policy? Return requests [...]","protected":false},"author":1,"featured_media":0,"parent":0,"menu_order":0,"comment_status":"closed","ping_status":"closed","template":"","meta":{"om_disable_all_campaigns":false,"_monsterinsights_skip_tracking":false,"_monsterinsights_sitenote_active":false,"_monsterinsights_sitenote_note":"","_monsterinsights_sitenote_category":0,"footnotes":""},"class_list":["post-57","page","type-page","status-publish","hentry"],"aioseo_notices":[],"_hostinger_reach_plugin_has_subscription_block":false,"_hostinger_reach_plugin_is_elementor":false,"_links":{"self":[{"href":"https:\/\/singleflap.com\/tr\/wp-json\/wp\/v2\/pages\/57","targetHints":{"allow":["GET"]}}],"collection":[{"href":"https:\/\/singleflap.com\/tr\/wp-json\/wp\/v2\/pages"}],"about":[{"href":"https:\/\/singleflap.com\/tr\/wp-json\/wp\/v2\/types\/page"}],"author":[{"embeddable":true,"href":"https:\/\/singleflap.com\/tr\/wp-json\/wp\/v2\/users\/1"}],"replies":[{"embeddable":true,"href":"https:\/\/singleflap.com\/tr\/wp-json\/wp\/v2\/comments?post=57"}],"version-history":[{"count":12,"href":"https:\/\/singleflap.com\/tr\/wp-json\/wp\/v2\/pages\/57\/revisions"}],"predecessor-version":[{"id":5370,"href":"https:\/\/singleflap.com\/tr\/wp-json\/wp\/v2\/pages\/57\/revisions\/5370"}],"wp:attachment":[{"href":"https:\/\/singleflap.com\/tr\/wp-json\/wp\/v2\/media?parent=57"}],"curies":[{"name":"wp","href":"https:\/\/api.w.org\/{rel}","templated":true}]}}