{"id":3109,"date":"2019-10-24T00:57:41","date_gmt":"2019-10-24T00:57:41","guid":{"rendered":"https:\/\/goya.everthemes.com\/demo-fashion\/?page_id=3109"},"modified":"2026-02-16T12:53:54","modified_gmt":"2026-02-16T12:53:54","slug":"gi%cc%87zli%cc%87li%cc%87k-poli%cc%87ti%cc%87kasi-2","status":"publish","type":"page","link":"https:\/\/singleflap.com\/tr\/privacy-policy-2\/","title":{"rendered":"Gizlilik Politikas\u0131"},"content":{"rendered":"<div data-elementor-type=\"wp-page\" data-elementor-id=\"3109\" class=\"elementor elementor-3109\">\n\t\t\t\t<div class=\"elementor-element elementor-element-23dcfa6c e-flex e-con-boxed e-con e-parent\" data-id=\"23dcfa6c\" data-element_type=\"container\" data-e-type=\"container\">\n\t\t\t\t\t<div class=\"e-con-inner\">\n\t\t\t\t<div class=\"elementor-element elementor-element-1b969c73 elementor-widget elementor-widget-text-editor\" data-id=\"1b969c73\" data-element_type=\"widget\" data-e-type=\"widget\" data-widget_type=\"text-editor.default\">\n\t\t\t\t<div class=\"elementor-widget-container\">\n\t\t\t\t\t\t\t\t\t<p class=\"s5\"><strong><span class=\"s4\">1. Giri\u015f<\/span><\/strong><\/p><ul><li class=\"s6\">Single Flap, ki\u015fisel verilerinizi 6698 say\u0131l\u0131 Ki\u015fisel Verilerin Korunmas\u0131 Kanunu (KVKK) ve uygulanabildi\u011fi yerlerde Genel Veri Koruma Y\u00f6netmeli\u011fi (GDPR) dahil olmak \u00fczere y\u00fcr\u00fcrl\u00fckteki veri koruma yasalar\u0131na uygun olarak korumay\u0131 taahh\u00fct eder. Bu Gizlilik Politikas\u0131, ki\u015fisel verilerinizi nas\u0131l toplad\u0131\u011f\u0131m\u0131z\u0131, kulland\u0131\u011f\u0131m\u0131z\u0131, saklad\u0131\u011f\u0131m\u0131z\u0131 ve korudu\u011fumuzu a\u00e7\u0131klamaktad\u0131r.<\/li><\/ul><p class=\"s5\"><strong><span class=\"s4\">2. Veri Kontrol\u00f6r\u00fc<\/span><\/strong><\/p><ul><li class=\"s6\">Single Flap, www.singleflap.com ve ilgili dijital kanallar arac\u0131l\u0131\u011f\u0131yla i\u015flenen ki\u015fisel veriler i\u00e7in veri sorumlusu olarak hareket eder.<\/li><\/ul><p class=\"s5\"><strong><span class=\"s4\">3. Toplad\u0131\u011f\u0131m\u0131z Ki\u015fisel Veriler<\/span><\/strong><\/p><ul><li class=\"s6\">A\u015fa\u011f\u0131daki ki\u015fisel veri kategorilerini toplayabiliriz:<br \/>- Kimlik ve ileti\u015fim bilgileri (ad, soyad, e-posta, telefon numaras\u0131)<br \/>- \u0130\u015flem ve \u00f6deme bilgileri<br \/>- \u00dcr\u00fcn g\u00f6nderim detaylar\u0131 (sevkiyat i\u00e7in)<br \/>- Web sitesi kullan\u0131m verileri (\u00e7erezler, IP adresi, analiz verileri)<br \/>- \u0130leti\u015fim kay\u0131tlar\u0131<\/li><\/ul><p class=\"s5\"><strong><span class=\"s4\">4. \u0130\u015flemenin Amac\u0131<\/span><\/strong><\/p><ul><li class=\"s6\">Ki\u015fisel verileriniz a\u015fa\u011f\u0131daki ama\u00e7larla i\u015flenmektedir:<br \/>- Sat\u0131\u015f ve konsinye s\u00fcre\u00e7lerinin y\u00f6netilmesi<br \/>- Orijinallik do\u011frulama ve belgelendirme s\u00fcre\u00e7leri<br \/>- M\u00fc\u015fteri ileti\u015fimi ve deste\u011fi<br \/>- \u00d6deme i\u015flemleri ve finansal operasyonlar<br \/>- Web sitemizi ve hizmetlerimizi geli\u015ftirmek<br \/>- Yasal uyum ve uyu\u015fmazl\u0131klar\u0131n \u00e7\u00f6z\u00fcm\u00fc<\/li><\/ul><p class=\"s5\"><strong><span class=\"s4\">5. \u0130\u015fleme i\u00e7in Yasal Gerek\u00e7eler<\/span><\/strong><\/p><ul><li class=\"s6\">Ki\u015fisel verileri temel alarak i\u015fliyoruz:<br \/>- Bir s\u00f6zle\u015fmenin ifas\u0131<br \/>- Yasal y\u00fck\u00fcml\u00fcl\u00fcklere uygunluk<br \/>- Me\u015fru menfaatler<br \/>- Gerekti\u011finde a\u00e7\u0131k r\u0131za<\/li><\/ul><p class=\"s5\"><strong><span class=\"s4\">6. Veri Transferleri<\/span><\/strong><\/p><ul><li class=\"s6\">Ki\u015fisel veriler, \u00f6deme i\u015flemcileri, lojistik ortaklar\u0131, BT hizmet sa\u011flay\u0131c\u0131lar\u0131 ve profesyonel dan\u0131\u015fmanlar gibi g\u00fcvenilir hizmet sa\u011flay\u0131c\u0131larla payla\u015f\u0131labilir. Aktar\u0131mlar KVKK ve GDPR g\u00fcvencelerine uygun olarak ger\u00e7ekle\u015ftirilir.<\/li><\/ul><p class=\"s5\"><strong><span class=\"s4\">7. Veri Saklama<\/span><\/strong><\/p><ul><li class=\"s6\">Ki\u015fisel veriler yaln\u0131zca yukar\u0131da a\u00e7\u0131klanan ama\u00e7lar\u0131 yerine getirmek i\u00e7in gerekli oldu\u011fu s\u00fcrece ve yasal saklama gerekliliklerine uygun olarak saklan\u0131r.<\/li><\/ul><p class=\"s5\"><strong><span class=\"s4\">8. Sizin Haklar\u0131n\u0131z<\/span><\/strong><\/p><ul><li class=\"s6\">KVKK ve GDPR kapsam\u0131nda a\u015fa\u011f\u0131daki haklara sahipsiniz:<br \/>- Ki\u015fisel verilerinize eri\u015fim talep etme<br \/>- D\u00fczeltme veya silme talebi<br \/>- \u0130\u015flemeye itiraz<br \/>- Veri ta\u015f\u0131nabilirli\u011fi talebi (uygulanabilir oldu\u011fu durumlarda)<br \/>- \u0130stedi\u011finiz zaman onay\u0131n\u0131z\u0131 geri \u00e7ekin<\/li><\/ul><p class=\"s5\"><strong><span class=\"s4\">9. G\u00fcvenlik \u00d6nlemleri<\/span><\/strong><\/p><ul><li class=\"s6\">Single Flap, ki\u015fisel verileri yetkisiz eri\u015fim, kay\u0131p, yanl\u0131\u015f kullan\u0131m veya if\u015faya kar\u015f\u0131 korumak i\u00e7in uygun teknik ve organizasyonel g\u00fcvenlik \u00f6nlemlerini uygular.<\/li><\/ul><p class=\"s5\"><strong><span class=\"s4\">10. \u0130leti\u015fim<\/span><\/strong><\/p><ul><li class=\"s6\">Gizlilikle ilgili her t\u00fcrl\u00fc talebiniz i\u00e7in bizimle \u015fu adresten ileti\u015fime ge\u00e7ebilirsiniz: info@singleflap.com<\/li><\/ul><p class=\"s7\">\u00a0<\/p>\t\t\t\t\t\t\t\t<\/div>\n\t\t\t\t<\/div>\n\t\t\t\t\t<\/div>\n\t\t\t\t<\/div>\n\t\t\t\t<\/div>","protected":false},"excerpt":{"rendered":"<p>1. Introduction Single Flap is committed to protecting your personal data in accordance with applicable data protection laws, including the Turkish Personal Data Protection Law No. 6698 (KVKK) and, where applicable, the General Data Protection Regulation (GDPR). This Privacy Policy explains how we collect, use, store, and protect your personal [&hellip;]<\/p>\n","protected":false},"author":1,"featured_media":0,"parent":0,"menu_order":0,"comment_status":"closed","ping_status":"closed","template":"","meta":{"om_disable_all_campaigns":false,"_monsterinsights_skip_tracking":false,"_monsterinsights_sitenote_active":false,"_monsterinsights_sitenote_note":"","_monsterinsights_sitenote_category":0,"footnotes":""},"class_list":["post-3109","page","type-page","status-publish","hentry"],"aioseo_notices":[],"_hostinger_reach_plugin_has_subscription_block":false,"_hostinger_reach_plugin_is_elementor":false,"_links":{"self":[{"href":"https:\/\/singleflap.com\/tr\/wp-json\/wp\/v2\/pages\/3109","targetHints":{"allow":["GET"]}}],"collection":[{"href":"https:\/\/singleflap.com\/tr\/wp-json\/wp\/v2\/pages"}],"about":[{"href":"https:\/\/singleflap.com\/tr\/wp-json\/wp\/v2\/types\/page"}],"author":[{"embeddable":true,"href":"https:\/\/singleflap.com\/tr\/wp-json\/wp\/v2\/users\/1"}],"replies":[{"embeddable":true,"href":"https:\/\/singleflap.com\/tr\/wp-json\/wp\/v2\/comments?post=3109"}],"version-history":[{"count":8,"href":"https:\/\/singleflap.com\/tr\/wp-json\/wp\/v2\/pages\/3109\/revisions"}],"predecessor-version":[{"id":15371,"href":"https:\/\/singleflap.com\/tr\/wp-json\/wp\/v2\/pages\/3109\/revisions\/15371"}],"wp:attachment":[{"href":"https:\/\/singleflap.com\/tr\/wp-json\/wp\/v2\/media?parent=3109"}],"curies":[{"name":"wp","href":"https:\/\/api.w.org\/{rel}","templated":true}]}}